{"id":15092,"date":"2022-04-06T15:17:24","date_gmt":"2022-04-06T14:17:24","guid":{"rendered":"https:\/\/zoovustg.wpenginepowered.com\/ressourcen\/connect-with-buyers"},"modified":"2024-09-24T15:06:00","modified_gmt":"2024-09-24T14:06:00","slug":"connect-with-buyers","status":"publish","type":"page","link":"https:\/\/zoovu.com\/de\/ressourcen\/connect-with-buyers","title":{"rendered":"[Webinar] Connect with buyers. Crafting conversational experiences that lead to better outcomes."},"content":{"rendered":"\t\t<div data-elementor-type=\"wp-page\" data-elementor-id=\"15092\" class=\"elementor elementor-15092 elementor-15074\">\n\t\t\t\t\t\t<section class=\"elementor-section elementor-top-section elementor-element elementor-element-d997370 elementor-section-boxed elementor-section-height-default elementor-section-height-default exad-sticky-section-no\" data-id=\"d997370\" data-element_type=\"section\" data-settings=\"{&quot;background_background&quot;:&quot;classic&quot;}\">\n\t\t\t\t\t\t<div class=\"elementor-container elementor-column-gap-no\">\n\t\t\t\t\t<div class=\"elementor-column elementor-col-100 elementor-top-column elementor-element elementor-element-20c5734 exad-sticky-section-no\" data-id=\"20c5734\" data-element_type=\"column\">\n\t\t\t<div class=\"elementor-widget-wrap elementor-element-populated\">\n\t\t\t\t\t\t<div class=\"elementor-element elementor-element-8cee5f4 exad-sticky-section-no elementor-widget elementor-widget-wp-widget-headingctawithsetti_widget\" data-id=\"8cee5f4\" data-element_type=\"widget\" data-widget_type=\"wp-widget-headingctawithsetti_widget.default\">\n\t\t\t\t<div class=\"elementor-widget-container\">\n\t\t\t\n\n\t\t<style type=\"text\/css\">\n\t\t\t.elementor-widget-container .zv-cta-proof {\n\t\t\t\tlist-style-type: none;\n\t\t\t\tmargin: 0;\n\t\t\t\tpadding: 15px 0;\n\t\t\t\tdisplay: flex;\n\t\t\t\tflex-wrap: wrap;\n\t\t\t\tgap: 10px;\n\t\t\t}\n\n\t\t\t.elementor-widget-container .zv-cta-proof li {\n\t\t\t\tflex-basis: calc(33% - 5px);\n\t\t\t\tbackground-color: #F5F7FD;\n\t\t\t\tborder-radius: 8px;\n\t\t\t\tpadding: 14px 16px 14px 60px;\n\t\t\t\tfont-size: 14px;\n\t\t\t\tline-height: 16.3px;\n\t\t\t\tbackground-size: 28px;\n\t\t\t\tbackground-repeat: no-repeat;\n\t\t\t\tbackground-position: 16px center;\n\t\t\t\ttext-align: left;\n\t\t\t}\n\n\t\t\t.elementor-widget-container .zv-cta-proof.icon-social-proof li {\n\t\t\t\tbackground-image: url(\/wp-content\/uploads\/2024\/02\/icon-social-proof.webp);\n\t\t\t}\n\n\t\t\t.elementor-widget-container .zv-cta-proof li strong {\n\t\t\t\tfont-family: \"Saans-Medium\", sans-serif;\n\t\t\t}\n\n\t\t\t@media only screen and (max-width: 1024px) {\n\t\t\t\t.elementor-widget-container .zv-cta-proof li {\n\t\t\t\t\tflex-basis: 100%;\n\t\t\t\t}\n\t\t\t}\n\n\t\t\t@media only screen and (max-width: 767px) {\n\t\t\t\t.elementor-widget-container .zv-cta-proof li {\n\t\t\t\t\tflex-basis: calc(33% - 5px);\n\t\t\t\t}\n\t\t\t}\n\n\t\t\t@media only screen and (max-width: 640px) {\n\t\t\t\t.elementor-widget-container .zv-cta-proof li {\n\t\t\t\t\tflex-basis: 100%;\n\t\t\t\t}\n\t\t\t}\n\t\t<\/style>\n\n\n\t\t\t\t\t<style>\n\t\t\t\t#typingtext\n\t\t\t\t{\n\t\t\t\t\tdisplay:none;\n\t\t\t\t}\n\t\t\t#headcta-360808.cta-link {\n\t\t\t\tcolor:#ffffff !important;background-color:#ee001e !important;\t\t\t}\n\n\t\t\t#headcta-360808.cta-link:hover {\n\t\t\t\tcolor:#ffffff !important;background-color:#ee001e !important;\t\t\t}\n\n\t\t\t.elementor-widget-wp-widget-headingctawithsetti_widget .cta-heading .ch-title span {\n\t\t\t\tcolor: red;\n\t\t\t}\n\t\t\t<\/style>\n\n\t\t\t <style>#headcta-360808 .cta-heading .ch-bottom-border{\n\n\t\t\t\tbackground-color: #001529;\n\n\t\t\t}<\/style><div style=\"\" class=\"headcta cta-section cta-bg-color \" style='background-color:#c6eff5;' id=\"headcta-360808\"><div class=\"cta-wrapper\"><div class=\"row align-items-center\"><div class=\"col-md-6\"><div class=\"cta-content w-100\"><span class=\"ch-txt\" style='color:#ee001e;'>INSIGHT SESSION<\/span><h1 class=\"cta-heading\" style='color:#000000;'><span  class=\"ch-title\">Connect with buyers.<\/span><span class=\"ch-bottom-border\"><\/span><\/h1><p class=\"cta-para cta-para-bottom\" style='color:#000000;'><h4>Mit digitalen Konversationen, bessere Ergebnisse erzielen.<\/h4><br\/><b>Haben Sie sich jemals gefragt, wie man erfolgreiche Konversationen gestaltet? Wie k\u00f6nnen Sie Ihre Kunden so ansprechen, dass sie sich verstanden f\u00fchlen, Vertrauen aufbauen und zum Handeln motiviert werden?<\/b>\r\n<br \/><br \/>\r\nH\u00f6ren Sie sich diese Insight Session an und erfahren Sie mehr \u00fcber die Elemente, Methoden und Tools, die Ihnen helfen, bessere digitale Erlebnisse f\u00fcr Ihre Kunden zu gestalten.\r\n<br \/><br \/>\r\nVera Mayer (Zoovu) und Hans van Dam (Conversation Design Institute) beleuchten ein breites Spektrum <b>effektiver Conversation Design-Strategien und zeigen Beispiele f\u00fcr gro\u00dfartige Conversation Design-Erlebnisse.<\/b>\r\n<br \/><br \/>\r\nErhalten Sie einen Einblick in die Grundlagen des Conversation Designs, Prinzipien zur Steigerung der Kaufmotivation, die Umwandlung von Worten in \u00fcberzeugende Angebote und vieles mehr! Erfahren Sie au\u00dferdem, wie Sie mit Zoovu Ihr erworbenes Wissen in die Tat umsetzen und die Effektivit\u00e4t Ihrer digitalen Verkaufserlebnisse steigern, sei es durch Digital assistants, Chat, Konfiguratoren,...<\/p><\/div><\/div>\n\n\n<div class=\"col-md-6\">\n\t\t\t\t<div class=\"hubspot_form_wrraper whiteboxform\">\n\t\t\t\t\t<h3>Zugang anfordern<\/h3>\n\n\t\t\t\t\t<script charset=\"utf-8\" type=\"text\/javascript\" src=\"\/\/js.hsforms.net\/forms\/v2.js\"><\/script>\n\t\t\t\t\t<script>\n\t\t\t\t\t<!--\/\/--><![CDATA[\/\/ ><!--\n\t\t\t\t\t  hbspt.forms.create({\n\t\t\t\t\t\tregion: \"na1\",\n\t\t\t\t\t\tportalId: \"44562639\",\n\t\t\t\t\t\tformId: \"c18eac71-d600-43c8-a7c3-fa4ffc8aae07\",\n\t\t\t\t\t\tcssClass:\"hubspotForm whiteboxform\"\n\t\t\t\t\t});\n\t\t\t\t\t\/\/--><!]]>\n\t\t\t\t\t<\/script>\n\t\t\t\t<\/div><\/div><\/div><\/div><\/div>\n\n\t\t\t\t<\/div>\n\t\t\t\t<\/div>\n\t\t\t\t<div class=\"elementor-element elementor-element-599bc76 exad-sticky-section-no elementor-widget elementor-widget-html\" data-id=\"599bc76\" data-element_type=\"widget\" data-widget_type=\"html.default\">\n\t\t\t\t<div class=\"elementor-widget-container\">\n\t\t\t<style>\r\n\r\n.hubspot_form_wrraper h3 {\r\n    font-size: 24px !important;\r\n    line-height: 26px !important;\r\n    margin-bottom: 20px;\r\n}\r\n\r\n.hubspot_form_wrraper {\r\n    border-radius: 4px!important;\r\n    background: rgba(230, 236, 250, 0.60)!important;\r\n    padding: 27px 30px 30px 30px!important;\r\n    box-shadow:none!important;\r\n}\r\n\r\n.hbspt-form label:not(.hs-error-msg):not(.hs-form-booleancheckbox-display) {\r\n    display: none!important;\r\n}\r\n\r\n.hbspt-form label.hs-error-msg {\r\n    font-size: 12px!important;\r\n    font-weight: 400!important;\r\n    line-height: 16px!important;\r\n    margin-top: 3px!important;\r\n    margin-bottom: 10px!important;\r\n    display: block!important;\r\n    color: #CC003A!important;\r\n}\r\n\r\n.hbspt-form input.hs-button {\r\n    width: 100%!important;\r\n    margin: 0!important;\r\n    margin-top: 8px!important;\r\n}\r\n\r\n.hbspt-form input.hs-button {\r\n    color: #FFF !important;\r\n}\r\n\r\n.hbspt-form input,\r\n.hbspt-form textarea.hs-input {\r\n    margin-bottom: 17px!important;\r\n    border-radius: 4px!important;\r\n    border: 1px solid var(--Light-Blue, #E6ECFA)!important;\r\n    background: var(--White, #FFF)!important;\r\n    padding: 5px 13px 6px 13px!important;\r\n    color: #293750!important;\r\n    width: 100% !important;\r\n}\r\n\r\n.hbspt-form input:-webkit-autofill {\r\n    -webkit-box-shadow: 0 0 0px 1000px #fff inset!important;\r\n}\r\n\r\n.hbspt-form textarea.hs-input {\r\n    margin-bottom: 10px!important;\r\n}\r\n\r\n.hbspt-form input:not(:placeholder-shown) {\r\n    border-color: #277DFF!important;\r\n}\r\n\r\n.hbspt-form input.invalid,\r\n.hbspt-form textarea.hs-input.invalid {\r\n    border-color: #CC003A!important;\r\n}\r\n\r\n.hbspt-form input.invalid {\r\n    margin-bottom: 0!important;\r\n}\r\n\r\n.hbspt-form .input {\r\n    margin-right: 0 !important;\r\n}\r\n\r\n.hs-form-field {\r\n    flex: 0 0 100% !important;\r\n    max-width: 100% !important;\r\n    margin-right: 0 !important;\r\n    width: 100% !important;\r\n}\r\n\r\n.hbspt-form fieldset.form-columns-2 .input {\r\n    margin-right: 0!important;\r\n}\r\n\r\n.hbspt-form ul.inputs-list {\r\n    margin-bottom: 0!important;\r\n}\r\n\r\n.hbspt-form input:focus,\r\n.hbspt-form textarea.hs-input:focus {\r\n    border: 0.75px solid #277DFF!important;\r\n}\r\n\r\n.hbspt-form textarea {\r\n    height: 65px !important;\r\n    overflow: hidden!important;\r\n}\r\n\r\n.hbspt-form .hs-richtext p,\r\n.hs-form-booleancheckbox-display span {\r\n    font-size: 10px!important;\r\n    color: #293750!important;\r\n    line-height: 14px!important;\r\n}\r\n\r\n.hbspt-form .hs-richtext p {\r\n    margin-bottom: 15px!important;\r\n}\r\n\r\n.hbspt-form .hs-richtext p a {\r\n    color: #277DFF!important;\r\n    font-weight: 600!important;\r\n}\r\n\r\n.hbspt-form input[type=checkbox] {\r\n    display: none!important;\r\n}\r\n\r\n.hs-form-booleancheckbox label {\r\n    position: relative;\r\n}\r\n\r\n\r\n.hs-form-booleancheckbox-display span {\r\n    position: relative!important\r\n    cursor: pointer!important;\r\n    display: inline-block!important;\r\n    padding-left: 30px!important;\r\n}\r\n\r\n.hs-form-booleancheckbox-display span:before {\r\n    content: '';\r\n    -webkit-appearance: none!important;\r\n    background-color: #FFF!important;\r\n    padding: 8px!important;\r\n    display: inline-block!important;\r\n    position: absolute!important;\r\n    left: 0!important;\r\n    top: 0!important;\r\n    cursor: pointer!important;\r\n    border: 1px solid var(--Light-Blue, #E6ECFA)!important;\r\n}\r\n\r\n.hs-form-booleancheckbox-display input:checked + span:after {\r\n    content: ''!important;\r\n    display: block!important;\r\n    position: absolute!important;\r\n    top: 4px!important;\r\n    left: 7px!important;\r\n    width: 5px!important;\r\n    height: 9px!important;\r\n    border: solid #002673!important;\r\n    border-width: 0 2px 2px 0!important;\r\n    transform: rotate(45deg)!important;\r\n}\r\n\r\n.hbspt-form input::placeholder, .hbspt-form textarea::placeholder {\r\n    color: #ACBDD5!important;\r\n    font-size: 16px!important;\r\n    opacity: 1 !important;\r\n    height: 16px!important;\r\n}\r\n\r\n.get-demo-list {\r\n    margin: 0;\r\n    padding: 0 !important;\r\n}\r\n\r\n.get-demo-list li {\r\n    list-style-type: none;\r\n    padding: 15px 20px 15px 70px;\r\n    border-bottom: 1px solid var(--grey-5, #F0F2F6);\r\n    line-height: 21px !important;\r\n    color: #001533 !important;\r\n    position: relative;\r\n}\r\n\r\n.get-demo-list li:before {\r\n    content: '';\r\n    width:30px;\r\n    height: 30px;\r\n    position: absolute;\r\n    left: 20px;\r\n    top: 50%;\r\n    transform: translateY(-50%);\r\nbackground-image: url(\"data:image\/svg+xml,%3Csvg xmlns='http:\/\/www.w3.org\/2000\/svg' width='30' height='30' viewBox='0 0 30 30' fill='none'%3E%3Ccircle cx='15' cy='15' r='15' fill='%230C59CC' fill-opacity='0.1'\/%3E%3Cpath d='M21 9L12.3913 21L9 17.6087' stroke='%230C59CC' stroke-width='2' stroke-linecap='round' stroke-linejoin='round'\/%3E%3C\/svg%3E\");\r\n}\r\n\r\n.get-demo-logos img {\r\n    width:51px !important;\r\n    height: 51px !important;\r\n}\r\n\r\n.get-demo-logos .elementor-widget-wrap {\r\n    gap: 15px;\r\n    justify-content: flex-end;\r\n}\r\n\r\n.get-demo-logos .elementor-element {\r\n    flex-basis: fit-content;\r\n    margin-bottom: 0;\r\n}\r\n\r\n.get-demo-capterra img {\r\n    max-height: 26px !important;\r\n    width: auto !important;\r\n    max-width: 100% !important;\r\n}\r\n\r\n.elementor-widget-wp-widget-headingctawithsetti_widget .headcta .row.align-items-center {\r\n    align-items: normal !important;\r\n}\r\n\r\n.elementor-widget-wp-widget-headingctawithsetti_widget .cta-content .ch-txt {\r\n    margin-top: 0;\r\n}\r\n\r\n.admin-bar .zv-sticky {\r\n    top: 173px !important;\r\n}\r\n\r\n.zv-sticky {\r\n    position: sticky;\r\n    top: 140px;\r\n}\r\n\r\nbody {\r\n    overflow: visible;\r\n}\r\n\r\n@media only screen and (max-width: 767px) {\r\n    .zv-capterra .elementor-column:nth-child(1) {\r\n        width: 50%;\r\n    }\r\n    \r\n    .zv-capterra .elementor-column:nth-child(2) {\r\n        width: 50%;\r\n    }\r\n    \r\n    .get-demo-logos img {\r\n        width: 50px !important;\r\n        height: 50px !important;\r\n    }\r\n}\r\n\r\n@media only screen and (max-width: 480px) {\r\n    .zv-capterra .elementor-column:nth-child(1) {\r\n        width: 40%;\r\n    }\r\n    \r\n    .zv-capterra .elementor-column:nth-child(2) {\r\n        width: 60%;\r\n    }\r\n    \r\n    .get-demo-logos img {\r\n        width: 40px !important;\r\n        height: 40px !important;\r\n    }\r\n}\r\n<\/style>\r\n\r\n\r\n\r\n<script>\r\njQuery( \".elementor-widget-wp-widget-headingctawithsetti_widget .headcta .row.align-items-center .col-md-6:nth-child(2) .hubspot_form_wrraper\" ).addClass( \"zv-sticky\" );\r\n<\/script>\t\t<\/div>\n\t\t\t\t<\/div>\n\t\t\t\t\t<\/div>\n\t\t<\/div>\n\t\t\t\t\t<\/div>\n\t\t<\/section>\n\t\t\t\t<\/div>\n\t\t","protected":false},"excerpt":{"rendered":"","protected":false},"author":1,"featured_media":0,"parent":2081,"menu_order":0,"comment_status":"closed","ping_status":"closed","template":"elementor_header_footer","meta":{"_acf_changed":false,"inline_featured_image":false,"footnotes":""},"class_list":["post-15092","page","type-page","status-publish","hentry","entry"],"acf":[],"yoast_head":"<!-- This site is optimized with the Yoast SEO plugin v24.0 - https:\/\/yoast.com\/wordpress\/plugins\/seo\/ -->\n<title>[Webinar] Connect with buyers. Crafting conversational experiences that lead to better outcomes. | Zoovu<\/title>\n<meta name=\"robots\" content=\"index, nofollow, max-video-preview:-1, noimageindex, noarchive, nosnippet\" \/>\n<link rel=\"canonical\" href=\"https:\/\/zoovu.com\/de\/ressourcen\/connect-with-buyers\" \/>\n<meta property=\"og:locale\" content=\"de_DE\" \/>\n<meta property=\"og:type\" content=\"article\" \/>\n<meta property=\"og:title\" content=\"[Webinar] Connect with buyers. Crafting conversational experiences that lead to better outcomes. | Zoovu\" \/>\n<meta property=\"og:url\" content=\"https:\/\/zoovu.com\/de\/ressourcen\/connect-with-buyers\" \/>\n<meta property=\"og:site_name\" content=\"Zoovu\" \/>\n<meta property=\"article:modified_time\" content=\"2024-09-24T14:06:00+00:00\" \/>\n<meta name=\"twitter:card\" content=\"summary_large_image\" \/>\n<script type=\"application\/ld+json\" class=\"yoast-schema-graph\">{\"@context\":\"https:\/\/schema.org\",\"@graph\":[{\"@type\":\"WebPage\",\"@id\":\"https:\/\/zoovu.com\/de\/ressourcen\/connect-with-buyers\",\"url\":\"https:\/\/zoovu.com\/de\/ressourcen\/connect-with-buyers\",\"name\":\"[Webinar] Connect with buyers. Crafting conversational experiences that lead to better outcomes. | Zoovu\",\"isPartOf\":{\"@id\":\"https:\/\/zoovu.com\/de#website\"},\"datePublished\":\"2022-04-06T14:17:24+00:00\",\"dateModified\":\"2024-09-24T14:06:00+00:00\",\"breadcrumb\":{\"@id\":\"https:\/\/zoovu.com\/de\/ressourcen\/connect-with-buyers#breadcrumb\"},\"inLanguage\":\"de-DE\",\"potentialAction\":[{\"@type\":\"ReadAction\",\"target\":[\"https:\/\/zoovu.com\/de\/ressourcen\/connect-with-buyers\"]}]},{\"@type\":\"BreadcrumbList\",\"@id\":\"https:\/\/zoovu.com\/de\/ressourcen\/connect-with-buyers#breadcrumb\",\"itemListElement\":[{\"@type\":\"ListItem\",\"position\":1,\"name\":\"Home\",\"item\":\"https:\/\/zoovu.com\/de\"},{\"@type\":\"ListItem\",\"position\":2,\"name\":\"Ressourcen\",\"item\":\"https:\/\/zoovu.com\/de\/ressourcen\"},{\"@type\":\"ListItem\",\"position\":3,\"name\":\"[Webinar] Connect with buyers. Crafting conversational experiences that lead to better outcomes.\"}]},{\"@type\":\"WebSite\",\"@id\":\"https:\/\/zoovu.com\/de#website\",\"url\":\"https:\/\/zoovu.com\/de\",\"name\":\"Zoovu\",\"description\":\"Zoovu\",\"potentialAction\":[{\"@type\":\"SearchAction\",\"target\":{\"@type\":\"EntryPoint\",\"urlTemplate\":\"https:\/\/zoovu.com\/de?s={search_term_string}\"},\"query-input\":{\"@type\":\"PropertyValueSpecification\",\"valueRequired\":true,\"valueName\":\"search_term_string\"}}],\"inLanguage\":\"de-DE\"}]}<\/script>\n<!-- \/ Yoast SEO plugin. -->","yoast_head_json":{"title":"[Webinar] Connect with buyers. Crafting conversational experiences that lead to better outcomes. | Zoovu","robots":{"index":"index","follow":"nofollow","max-video-preview":"max-video-preview:-1","imageindex":"noimageindex","archive":"noarchive","snippet":"nosnippet"},"canonical":"https:\/\/zoovu.com\/de\/ressourcen\/connect-with-buyers","og_locale":"de_DE","og_type":"article","og_title":"[Webinar] Connect with buyers. Crafting conversational experiences that lead to better outcomes. | Zoovu","og_url":"https:\/\/zoovu.com\/de\/ressourcen\/connect-with-buyers","og_site_name":"Zoovu","article_modified_time":"2024-09-24T14:06:00+00:00","twitter_card":"summary_large_image","schema":{"@context":"https:\/\/schema.org","@graph":[{"@type":"WebPage","@id":"https:\/\/zoovu.com\/de\/ressourcen\/connect-with-buyers","url":"https:\/\/zoovu.com\/de\/ressourcen\/connect-with-buyers","name":"[Webinar] Connect with buyers. Crafting conversational experiences that lead to better outcomes. | Zoovu","isPartOf":{"@id":"https:\/\/zoovu.com\/de#website"},"datePublished":"2022-04-06T14:17:24+00:00","dateModified":"2024-09-24T14:06:00+00:00","breadcrumb":{"@id":"https:\/\/zoovu.com\/de\/ressourcen\/connect-with-buyers#breadcrumb"},"inLanguage":"de-DE","potentialAction":[{"@type":"ReadAction","target":["https:\/\/zoovu.com\/de\/ressourcen\/connect-with-buyers"]}]},{"@type":"BreadcrumbList","@id":"https:\/\/zoovu.com\/de\/ressourcen\/connect-with-buyers#breadcrumb","itemListElement":[{"@type":"ListItem","position":1,"name":"Home","item":"https:\/\/zoovu.com\/de"},{"@type":"ListItem","position":2,"name":"Ressourcen","item":"https:\/\/zoovu.com\/de\/ressourcen"},{"@type":"ListItem","position":3,"name":"[Webinar] Connect with buyers. Crafting conversational experiences that lead to better outcomes."}]},{"@type":"WebSite","@id":"https:\/\/zoovu.com\/de#website","url":"https:\/\/zoovu.com\/de","name":"Zoovu","description":"Zoovu","potentialAction":[{"@type":"SearchAction","target":{"@type":"EntryPoint","urlTemplate":"https:\/\/zoovu.com\/de?s={search_term_string}"},"query-input":{"@type":"PropertyValueSpecification","valueRequired":true,"valueName":"search_term_string"}}],"inLanguage":"de-DE"}]}},"_links":{"self":[{"href":"https:\/\/zoovu.com\/de\/wp-json\/wp\/v2\/pages\/15092","targetHints":{"allow":["GET"]}}],"collection":[{"href":"https:\/\/zoovu.com\/de\/wp-json\/wp\/v2\/pages"}],"about":[{"href":"https:\/\/zoovu.com\/de\/wp-json\/wp\/v2\/types\/page"}],"author":[{"embeddable":true,"href":"https:\/\/zoovu.com\/de\/wp-json\/wp\/v2\/users\/1"}],"replies":[{"embeddable":true,"href":"https:\/\/zoovu.com\/de\/wp-json\/wp\/v2\/comments?post=15092"}],"version-history":[{"count":0,"href":"https:\/\/zoovu.com\/de\/wp-json\/wp\/v2\/pages\/15092\/revisions"}],"up":[{"embeddable":true,"href":"https:\/\/zoovu.com\/de\/wp-json\/wp\/v2\/pages\/2081"}],"wp:attachment":[{"href":"https:\/\/zoovu.com\/de\/wp-json\/wp\/v2\/media?parent=15092"}],"curies":[{"name":"wp","href":"https:\/\/api.w.org\/{rel}","templated":true}]}}