{"id":46295,"date":"2024-03-14T20:39:55","date_gmt":"2024-03-14T20:39:55","guid":{"rendered":"https:\/\/zoovustg.wpenginepowered.com\/industries"},"modified":"2025-01-23T20:17:16","modified_gmt":"2025-01-23T20:17:16","slug":"industries","status":"publish","type":"page","link":"https:\/\/zoovu.com\/de\/industries","title":{"rendered":"Industries"},"content":{"rendered":"\t\t<div data-elementor-type=\"wp-page\" data-elementor-id=\"46295\" class=\"elementor elementor-46295 elementor-43937\">\n\t\t\t\t\t\t<section class=\"elementor-section elementor-top-section elementor-element elementor-element-1a48550 elementor-section-boxed elementor-section-height-default elementor-section-height-default exad-sticky-section-no\" data-id=\"1a48550\" data-element_type=\"section\">\n\t\t\t\t\t\t<div class=\"elementor-container elementor-column-gap-default\">\n\t\t\t\t\t<div class=\"elementor-column elementor-col-100 elementor-top-column elementor-element elementor-element-6a7eed4 exad-sticky-section-no\" data-id=\"6a7eed4\" data-element_type=\"column\">\n\t\t\t<div class=\"elementor-widget-wrap elementor-element-populated\">\n\t\t\t\t\t\t<div class=\"elementor-element elementor-element-cdd6741 exad-sticky-section-no elementor-widget elementor-widget-spacer\" data-id=\"cdd6741\" data-element_type=\"widget\" data-widget_type=\"spacer.default\">\n\t\t\t\t<div class=\"elementor-widget-container\">\n\t\t\t\t\t<div class=\"elementor-spacer\">\n\t\t\t<div class=\"elementor-spacer-inner\"><\/div>\n\t\t<\/div>\n\t\t\t\t<\/div>\n\t\t\t\t<\/div>\n\t\t\t\t\t<\/div>\n\t\t<\/div>\n\t\t\t\t\t<\/div>\n\t\t<\/section>\n\t\t\t\t<section class=\"elementor-section elementor-top-section elementor-element elementor-element-fd90fe6 zoovu-margin-minus-20 elementor-section-boxed elementor-section-height-default elementor-section-height-default exad-sticky-section-no\" data-id=\"fd90fe6\" data-element_type=\"section\" data-settings=\"{&quot;background_background&quot;:&quot;classic&quot;}\">\n\t\t\t\t\t\t<div class=\"elementor-container elementor-column-gap-default\">\n\t\t\t\t\t<div class=\"elementor-column elementor-col-100 elementor-top-column elementor-element elementor-element-da6e218 exad-sticky-section-no\" data-id=\"da6e218\" data-element_type=\"column\">\n\t\t\t<div class=\"elementor-widget-wrap elementor-element-populated\">\n\t\t\t\t\t\t<div class=\"elementor-element elementor-element-f4459fd exad-sticky-section-no elementor-widget elementor-widget-text-editor\" data-id=\"f4459fd\" data-element_type=\"widget\" data-widget_type=\"text-editor.default\">\n\t\t\t\t<div class=\"elementor-widget-container\">\n\t\t\t\t\t\t\t<h1>Branchenl\u00f6sungen von Zoovu<\/h1>\t\t\t\t\t\t<\/div>\n\t\t\t\t<\/div>\n\t\t\t\t<div class=\"elementor-element elementor-element-2729734 exad-sticky-section-no elementor-widget elementor-widget-heading\" data-id=\"2729734\" data-element_type=\"widget\" data-widget_type=\"heading.default\">\n\t\t\t\t<div class=\"elementor-widget-container\">\n\t\t\t<p class=\"elementor-heading-title elementor-size-default\">Entdecken Sie Zoovus L\u00f6sungen f\u00fcr die Produktsuche \u2013 ideal f\u00fcr jedes E-Commerce-Team. Klicken Sie auf eine Branche unten, um mehr dar\u00fcber zu erfahren, wie Zoovu Ihnen dabei hilft, Ihre Kunden immer zu den passenden Produkten zu f\u00fchren.<\/p>\t\t<\/div>\n\t\t\t\t<\/div>\n\t\t\t\t<div class=\"elementor-element elementor-element-632e938 exad-sticky-section-no elementor-widget elementor-widget-spacer\" data-id=\"632e938\" data-element_type=\"widget\" data-widget_type=\"spacer.default\">\n\t\t\t\t<div class=\"elementor-widget-container\">\n\t\t\t\t\t<div class=\"elementor-spacer\">\n\t\t\t<div class=\"elementor-spacer-inner\"><\/div>\n\t\t<\/div>\n\t\t\t\t<\/div>\n\t\t\t\t<\/div>\n\t\t\t\t<div class=\"elementor-element elementor-element-2749609 exad-sticky-section-no elementor-widget elementor-widget-heading\" data-id=\"2749609\" data-element_type=\"widget\" data-widget_type=\"heading.default\">\n\t\t\t\t<div class=\"elementor-widget-container\">\n\t\t\t<h2 class=\"elementor-heading-title elementor-size-default\">B2C-Kategorien<\/h2>\t\t<\/div>\n\t\t\t\t<\/div>\n\t\t\t\t\t<\/div>\n\t\t<\/div>\n\t\t\t\t\t<\/div>\n\t\t<\/section>\n\t\t\t\t<section class=\"elementor-section elementor-top-section elementor-element elementor-element-0a2e2f1 zoovu-margin-minus-20 elementor-section-boxed elementor-section-height-default elementor-section-height-default exad-sticky-section-no\" data-id=\"0a2e2f1\" data-element_type=\"section\" data-settings=\"{&quot;background_background&quot;:&quot;classic&quot;}\">\n\t\t\t\t\t\t<div class=\"elementor-container elementor-column-gap-default\">\n\t\t\t\t\t<div class=\"elementor-column elementor-col-100 elementor-top-column elementor-element elementor-element-fc58211 exad-sticky-section-no\" data-id=\"fc58211\" data-element_type=\"column\">\n\t\t\t<div class=\"elementor-widget-wrap elementor-element-populated\">\n\t\t\t\t\t\t<div class=\"elementor-element elementor-element-0da3bdf list-plus-style exad-sticky-section-no elementor-widget elementor-widget-text-editor\" data-id=\"0da3bdf\" data-element_type=\"widget\" data-widget_type=\"text-editor.default\">\n\t\t\t\t<div class=\"elementor-widget-container\">\n\t\t\t\t\t\t\t<ul class=\"bluenew\">\n \t<li><a href=\"\/industries\/home-appliances\" rel=\"noopener\">Haushaltsger\u00e4te<\/a><\/li>\n \t<li><a href=\"\/industries\/consumer-technology\" rel=\"noopener\">Unterhaltungselektronik<\/a><\/li>\n \t<li><a href=\"\/industries\/sports-outdoors-recreation\" rel=\"noopener\">Sport, Freizeit und Outdoor<\/a><\/li>\n \t<li><a href=\"\/industries\/tools-equipment\" rel=\"noopener\">Werkzeuge und Heimwerkerbedarf<\/a><\/li>\n \t<li><a href=\"\/de\/industries\/healthcare\" rel=\"noopener\">Gesundheit, Wellness und Beauty\n<\/a><\/li>\n<\/ul>\t\t\t\t\t\t<\/div>\n\t\t\t\t<\/div>\n\t\t\t\t<div class=\"elementor-element elementor-element-9ee5800 exad-sticky-section-no elementor-widget elementor-widget-html\" data-id=\"9ee5800\" data-element_type=\"widget\" data-widget_type=\"html.default\">\n\t\t\t\t<div class=\"elementor-widget-container\">\n\t\t\t<style>\r\n.bluenew li {\r\n        background: url(\/wp-content\/uploads\/2023\/11\/document-bullet-icon.svg) no-repeat 0px 0px transparent;\r\n    list-style-type: none;\r\n    margin-left: 0px;\r\n    padding: 1px 0px 5px 0px;\r\n    vertical-align: middle;\r\n    }\r\n    \r\n    .bluenew a {\r\n        \r\n    margin-left: 40px;\r\n    color:#0C59CC;\r\n    font-weight: 800;\r\n   \r\n    }\r\n    \r\n    .bluenew li {\r\n        border-bottom: solid 1px #D6DEEA;\r\n        max-width: 860px;\r\n        height:100%;\r\n        padding-bottom:10px;\r\n       \r\n    }\r\n    \r\n    .bluenewnoicon li {\r\n        \r\n    list-style-type: none;\r\n    margin-left: 0px;\r\n    padding: 1px 0px 5px 0px;\r\n    vertical-align: middle;\r\n    }\r\n    \r\n    .bluenewnoicon a {\r\n        \r\n    margin-left: 0px;\r\n    color:#27385B;\r\n    font-weight: 800;\r\n   \r\n    }\r\n    \r\n    .bluenewnoicon li {\r\n        border-bottom: solid 1px #D6DEEA;\r\n        max-width: 860px;\r\n        height:100%;\r\n        padding-bottom:10px;\r\n       \r\n    }\r\n    \r\n    ul.bluenewnoicon {\r\n       margin-top:40px;\r\n       \r\n    }\r\n\r\n<\/style>\t\t<\/div>\n\t\t\t\t<\/div>\n\t\t\t\t\t<\/div>\n\t\t<\/div>\n\t\t\t\t\t<\/div>\n\t\t<\/section>\n\t\t\t\t<\/div>\n\t\t","protected":false},"excerpt":{"rendered":"<p>Branchenl\u00f6sungen von Zoovu Entdecken Sie Zoovus L\u00f6sungen f\u00fcr die Produktsuche \u2013 ideal f\u00fcr jedes E-Commerce-Team. Klicken Sie auf eine Branche unten, um mehr dar\u00fcber zu erfahren, wie Zoovu Ihnen dabei hilft, Ihre Kunden immer zu den passenden Produkten zu f\u00fchren. B2C-Kategorien Haushaltsger\u00e4te Unterhaltungselektronik Sport, Freizeit und Outdoor Werkzeuge und Heimwerkerbedarf Gesundheit, Wellness und Beauty<\/p>\n","protected":false},"author":12,"featured_media":0,"parent":0,"menu_order":0,"comment_status":"closed","ping_status":"closed","template":"elementor_header_footer","meta":{"_acf_changed":false,"inline_featured_image":false,"footnotes":""},"class_list":["post-46295","page","type-page","status-publish","hentry","entry"],"acf":[],"yoast_head":"<!-- This site is optimized with the Yoast SEO plugin v24.0 - https:\/\/yoast.com\/wordpress\/plugins\/seo\/ -->\n<title>Industries | Zoovu<\/title>\n<meta name=\"robots\" content=\"index, follow, max-snippet:-1, max-image-preview:large, max-video-preview:-1\" \/>\n<link rel=\"canonical\" href=\"https:\/\/zoovu.com\/de\/industries\" \/>\n<meta property=\"og:locale\" content=\"de_DE\" \/>\n<meta property=\"og:type\" content=\"article\" \/>\n<meta property=\"og:title\" content=\"Industries | Zoovu\" \/>\n<meta property=\"og:description\" content=\"Branchenl\u00f6sungen von Zoovu Entdecken Sie Zoovus L\u00f6sungen f\u00fcr die Produktsuche \u2013 ideal f\u00fcr jedes E-Commerce-Team. Klicken Sie auf eine Branche unten, um mehr dar\u00fcber zu erfahren, wie Zoovu Ihnen dabei hilft, Ihre Kunden immer zu den passenden Produkten zu f\u00fchren. B2C-Kategorien Haushaltsger\u00e4te Unterhaltungselektronik Sport, Freizeit und Outdoor Werkzeuge und Heimwerkerbedarf Gesundheit, Wellness und Beauty\" \/>\n<meta property=\"og:url\" content=\"https:\/\/zoovu.com\/de\/industries\" \/>\n<meta property=\"og:site_name\" content=\"Zoovu\" \/>\n<meta property=\"article:modified_time\" content=\"2025-01-23T20:17:16+00:00\" \/>\n<meta name=\"twitter:card\" content=\"summary_large_image\" \/>\n<script type=\"application\/ld+json\" class=\"yoast-schema-graph\">{\"@context\":\"https:\/\/schema.org\",\"@graph\":[{\"@type\":\"WebPage\",\"@id\":\"https:\/\/zoovu.com\/de\/industries\",\"url\":\"https:\/\/zoovu.com\/de\/industries\",\"name\":\"Industries | Zoovu\",\"isPartOf\":{\"@id\":\"https:\/\/zoovu.com\/de#website\"},\"datePublished\":\"2024-03-14T20:39:55+00:00\",\"dateModified\":\"2025-01-23T20:17:16+00:00\",\"breadcrumb\":{\"@id\":\"https:\/\/zoovu.com\/de\/industries#breadcrumb\"},\"inLanguage\":\"de-DE\",\"potentialAction\":[{\"@type\":\"ReadAction\",\"target\":[\"https:\/\/zoovu.com\/de\/industries\"]}]},{\"@type\":\"BreadcrumbList\",\"@id\":\"https:\/\/zoovu.com\/de\/industries#breadcrumb\",\"itemListElement\":[{\"@type\":\"ListItem\",\"position\":1,\"name\":\"Home\",\"item\":\"https:\/\/zoovu.com\/de\"},{\"@type\":\"ListItem\",\"position\":2,\"name\":\"Industries\"}]},{\"@type\":\"WebSite\",\"@id\":\"https:\/\/zoovu.com\/de#website\",\"url\":\"https:\/\/zoovu.com\/de\",\"name\":\"Zoovu\",\"description\":\"Zoovu\",\"potentialAction\":[{\"@type\":\"SearchAction\",\"target\":{\"@type\":\"EntryPoint\",\"urlTemplate\":\"https:\/\/zoovu.com\/de?s={search_term_string}\"},\"query-input\":{\"@type\":\"PropertyValueSpecification\",\"valueRequired\":true,\"valueName\":\"search_term_string\"}}],\"inLanguage\":\"de-DE\"}]}<\/script>\n<!-- \/ Yoast SEO plugin. -->","yoast_head_json":{"title":"Industries | Zoovu","robots":{"index":"index","follow":"follow","max-snippet":"max-snippet:-1","max-image-preview":"max-image-preview:large","max-video-preview":"max-video-preview:-1"},"canonical":"https:\/\/zoovu.com\/de\/industries","og_locale":"de_DE","og_type":"article","og_title":"Industries | Zoovu","og_description":"Branchenl\u00f6sungen von Zoovu Entdecken Sie Zoovus L\u00f6sungen f\u00fcr die Produktsuche \u2013 ideal f\u00fcr jedes E-Commerce-Team. Klicken Sie auf eine Branche unten, um mehr dar\u00fcber zu erfahren, wie Zoovu Ihnen dabei hilft, Ihre Kunden immer zu den passenden Produkten zu f\u00fchren. B2C-Kategorien Haushaltsger\u00e4te Unterhaltungselektronik Sport, Freizeit und Outdoor Werkzeuge und Heimwerkerbedarf Gesundheit, Wellness und Beauty","og_url":"https:\/\/zoovu.com\/de\/industries","og_site_name":"Zoovu","article_modified_time":"2025-01-23T20:17:16+00:00","twitter_card":"summary_large_image","schema":{"@context":"https:\/\/schema.org","@graph":[{"@type":"WebPage","@id":"https:\/\/zoovu.com\/de\/industries","url":"https:\/\/zoovu.com\/de\/industries","name":"Industries | Zoovu","isPartOf":{"@id":"https:\/\/zoovu.com\/de#website"},"datePublished":"2024-03-14T20:39:55+00:00","dateModified":"2025-01-23T20:17:16+00:00","breadcrumb":{"@id":"https:\/\/zoovu.com\/de\/industries#breadcrumb"},"inLanguage":"de-DE","potentialAction":[{"@type":"ReadAction","target":["https:\/\/zoovu.com\/de\/industries"]}]},{"@type":"BreadcrumbList","@id":"https:\/\/zoovu.com\/de\/industries#breadcrumb","itemListElement":[{"@type":"ListItem","position":1,"name":"Home","item":"https:\/\/zoovu.com\/de"},{"@type":"ListItem","position":2,"name":"Industries"}]},{"@type":"WebSite","@id":"https:\/\/zoovu.com\/de#website","url":"https:\/\/zoovu.com\/de","name":"Zoovu","description":"Zoovu","potentialAction":[{"@type":"SearchAction","target":{"@type":"EntryPoint","urlTemplate":"https:\/\/zoovu.com\/de?s={search_term_string}"},"query-input":{"@type":"PropertyValueSpecification","valueRequired":true,"valueName":"search_term_string"}}],"inLanguage":"de-DE"}]}},"_links":{"self":[{"href":"https:\/\/zoovu.com\/de\/wp-json\/wp\/v2\/pages\/46295","targetHints":{"allow":["GET"]}}],"collection":[{"href":"https:\/\/zoovu.com\/de\/wp-json\/wp\/v2\/pages"}],"about":[{"href":"https:\/\/zoovu.com\/de\/wp-json\/wp\/v2\/types\/page"}],"author":[{"embeddable":true,"href":"https:\/\/zoovu.com\/de\/wp-json\/wp\/v2\/users\/12"}],"replies":[{"embeddable":true,"href":"https:\/\/zoovu.com\/de\/wp-json\/wp\/v2\/comments?post=46295"}],"version-history":[{"count":0,"href":"https:\/\/zoovu.com\/de\/wp-json\/wp\/v2\/pages\/46295\/revisions"}],"wp:attachment":[{"href":"https:\/\/zoovu.com\/de\/wp-json\/wp\/v2\/media?parent=46295"}],"curies":[{"name":"wp","href":"https:\/\/api.w.org\/{rel}","templated":true}]}}