{"id":5255,"date":"2021-10-05T07:56:46","date_gmt":"2021-10-05T07:56:46","guid":{"rendered":"https:\/\/zoovustg.wpenginepowered.com\/demo-vereinbaren\/"},"modified":"2024-12-10T21:18:37","modified_gmt":"2024-12-10T21:18:37","slug":"kontakt-demo-old","status":"publish","type":"page","link":"https:\/\/zoovu.com\/de\/kontakt-demo-old","title":{"rendered":"Demo vereinbaren"},"content":{"rendered":"\t\t<div data-elementor-type=\"wp-page\" data-elementor-id=\"5255\" class=\"elementor elementor-5255\">\n\t\t\t\t\t\t<section class=\"elementor-section elementor-top-section elementor-element elementor-element-e6e882f elementor-section-boxed elementor-section-height-default elementor-section-height-default exad-sticky-section-no\" data-id=\"e6e882f\" data-element_type=\"section\" data-settings=\"{&quot;background_background&quot;:&quot;classic&quot;}\">\n\t\t\t\t\t\t<div class=\"elementor-container elementor-column-gap-default\">\n\t\t\t\t\t<div class=\"elementor-column elementor-col-100 elementor-top-column elementor-element elementor-element-1ea7042 max-width-650 exad-sticky-section-no\" data-id=\"1ea7042\" data-element_type=\"column\">\n\t\t\t<div class=\"elementor-widget-wrap elementor-element-populated\">\n\t\t\t\t\t\t<div class=\"elementor-element elementor-element-898dcfe exad-sticky-section-no elementor-widget elementor-widget-html\" data-id=\"898dcfe\" data-element_type=\"widget\" data-widget_type=\"html.default\">\n\t\t\t\t<div class=\"elementor-widget-container\">\n\t\t\t<style>\n    \n    .calendly-link:hover {\n        color:#fff;\n    }\n    \n<\/style>\t\t<\/div>\n\t\t\t\t<\/div>\n\t\t\t\t<div class=\"elementor-element elementor-element-6e30472 heading-white exad-sticky-section-no elementor-widget elementor-widget-heading\" data-id=\"6e30472\" data-element_type=\"widget\" data-widget_type=\"heading.default\">\n\t\t\t\t<div class=\"elementor-widget-container\">\n\t\t\t<h1 class=\"elementor-heading-title elementor-size-default\">\u00dcberzeugen Sie sich selbst<\/h1>\t\t<\/div>\n\t\t\t\t<\/div>\n\t\t\t\t<div class=\"elementor-element elementor-element-ebc5912 exad-sticky-section-no elementor-widget elementor-widget-text-editor\" data-id=\"ebc5912\" data-element_type=\"widget\" data-widget_type=\"text-editor.default\">\n\t\t\t\t<div class=\"elementor-widget-container\">\n\t\t\t\t\t\t\t<span style=\"color: #ffffff;\">F\u00fcllen Sie das Formular aus, um eine unverbindliche, auf Ihre Bed\u00fcrfnisse zugeschnittene Demo der Zoovu Plattform zu sehen.<\/span>\n<div>\n\n<a class=\"calendly-link\" onclick=\"Calendly.initPopupWidget({url: 'https:\/\/calendly.com\/zoovu\/zoovu-demo-termin?hide_event_type_details=1'});return false;\" href=\"javascript:void(0)\">Oder: W\u00e4hlen Sie hier einen Termin<\/a>\n\n<\/div>\t\t\t\t\t\t<\/div>\n\t\t\t\t<\/div>\n\t\t\t\t<div class=\"elementor-element elementor-element-c5e1fa7 exad-sticky-section-no elementor-widget elementor-widget-wp-widget-hubspotforms_widget\" data-id=\"c5e1fa7\" data-element_type=\"widget\" data-widget_type=\"wp-widget-hubspotforms_widget.default\">\n\t\t\t\t<div class=\"elementor-widget-container\">\n\t\t\t<div class=\"hubspot_form_wrraper \">\n\t\t<h3><\/h3><script charset=\"utf-8\" type=\"text\/javascript\" src=\"\/\/js.hsforms.net\/forms\/v2.js\"><\/script>\n\t\t\t\t<script>\n\t\t\t\t<!--\/\/--><![CDATA[\/\/ ><!--\n\t\t\t\thbspt.forms.create({\n\t\t\t\t\tregion: \"na1\",\n\t\t\t\t\tportalId: \"44562639\",\n\t\t\t\t\tformId: \"9c4150f1-c4ca-420b-b166-6adbcf5d5c70\",\n\t\t\t\t\tcssClass:\"hubspotForm lightcssstyle\"\n\t\t\t\t});\n\t\t\t\t\/\/--><!]]>\n\t\t\t\t<\/script><\/div>\t\t<\/div>\n\t\t\t\t<\/div>\n\t\t\t\t\t<\/div>\n\t\t<\/div>\n\t\t\t\t\t<\/div>\n\t\t<\/section>\n\t\t\t\t<\/div>\n\t\t","protected":false},"excerpt":{"rendered":"<p>\u00dcberzeugen Sie sich selbst F\u00fcllen Sie das Formular aus, um eine unverbindliche, auf Ihre Bed\u00fcrfnisse zugeschnittene Demo der Zoovu Plattform zu sehen. Oder: W\u00e4hlen Sie hier einen Termin<\/p>\n","protected":false},"author":1,"featured_media":0,"parent":0,"menu_order":0,"comment_status":"closed","ping_status":"closed","template":"elementor_header_footer","meta":{"_acf_changed":false,"inline_featured_image":false,"footnotes":""},"class_list":["post-5255","page","type-page","status-publish","hentry","entry"],"acf":[],"yoast_head":"<!-- This site is optimized with the Yoast SEO plugin v24.0 - https:\/\/yoast.com\/wordpress\/plugins\/seo\/ -->\n<title>Demo vereinbaren | Zoovu<\/title>\n<meta name=\"description\" content=\"Erfahren Sie, wie Sie KI-getriebene Kaufberatung f\u00fcr Ihr Unternehmen und Ihre Kunden zur Realit\u00e4t machen.\" \/>\n<meta name=\"robots\" content=\"index, follow, max-snippet:-1, max-image-preview:large, max-video-preview:-1\" \/>\n<link rel=\"canonical\" href=\"https:\/\/zoovu.com\/de\/kontakt-demo-old\" \/>\n<meta property=\"og:locale\" content=\"de_DE\" \/>\n<meta property=\"og:type\" content=\"article\" \/>\n<meta property=\"og:title\" content=\"Demo vereinbaren | Zoovu\" \/>\n<meta property=\"og:description\" content=\"Erfahren Sie, wie Sie KI-getriebene Kaufberatung f\u00fcr Ihr Unternehmen und Ihre Kunden zur Realit\u00e4t machen.\" \/>\n<meta property=\"og:url\" content=\"https:\/\/zoovu.com\/de\/kontakt-demo-old\" \/>\n<meta property=\"og:site_name\" content=\"Zoovu\" \/>\n<meta property=\"article:modified_time\" content=\"2024-12-10T21:18:37+00:00\" \/>\n<meta name=\"twitter:card\" content=\"summary_large_image\" \/>\n<script type=\"application\/ld+json\" class=\"yoast-schema-graph\">{\"@context\":\"https:\/\/schema.org\",\"@graph\":[{\"@type\":\"WebPage\",\"@id\":\"https:\/\/zoovu.com\/de\/kontakt-demo-old\",\"url\":\"https:\/\/zoovu.com\/de\/kontakt-demo-old\",\"name\":\"Demo vereinbaren | Zoovu\",\"isPartOf\":{\"@id\":\"https:\/\/zoovu.com\/de#website\"},\"datePublished\":\"2021-10-05T07:56:46+00:00\",\"dateModified\":\"2024-12-10T21:18:37+00:00\",\"description\":\"Erfahren Sie, wie Sie KI-getriebene Kaufberatung f\u00fcr Ihr Unternehmen und Ihre Kunden zur Realit\u00e4t machen.\",\"breadcrumb\":{\"@id\":\"https:\/\/zoovu.com\/de\/kontakt-demo-old#breadcrumb\"},\"inLanguage\":\"de-DE\",\"potentialAction\":[{\"@type\":\"ReadAction\",\"target\":[\"https:\/\/zoovu.com\/de\/kontakt-demo-old\"]}]},{\"@type\":\"BreadcrumbList\",\"@id\":\"https:\/\/zoovu.com\/de\/kontakt-demo-old#breadcrumb\",\"itemListElement\":[{\"@type\":\"ListItem\",\"position\":1,\"name\":\"Home\",\"item\":\"https:\/\/zoovu.com\/de\"},{\"@type\":\"ListItem\",\"position\":2,\"name\":\"Demo vereinbaren\"}]},{\"@type\":\"WebSite\",\"@id\":\"https:\/\/zoovu.com\/de#website\",\"url\":\"https:\/\/zoovu.com\/de\",\"name\":\"Zoovu\",\"description\":\"Zoovu\",\"potentialAction\":[{\"@type\":\"SearchAction\",\"target\":{\"@type\":\"EntryPoint\",\"urlTemplate\":\"https:\/\/zoovu.com\/de?s={search_term_string}\"},\"query-input\":{\"@type\":\"PropertyValueSpecification\",\"valueRequired\":true,\"valueName\":\"search_term_string\"}}],\"inLanguage\":\"de-DE\"}]}<\/script>\n<!-- \/ Yoast SEO plugin. -->","yoast_head_json":{"title":"Demo vereinbaren | Zoovu","description":"Erfahren Sie, wie Sie KI-getriebene Kaufberatung f\u00fcr Ihr Unternehmen und Ihre Kunden zur Realit\u00e4t machen.","robots":{"index":"index","follow":"follow","max-snippet":"max-snippet:-1","max-image-preview":"max-image-preview:large","max-video-preview":"max-video-preview:-1"},"canonical":"https:\/\/zoovu.com\/de\/kontakt-demo-old","og_locale":"de_DE","og_type":"article","og_title":"Demo vereinbaren | Zoovu","og_description":"Erfahren Sie, wie Sie KI-getriebene Kaufberatung f\u00fcr Ihr Unternehmen und Ihre Kunden zur Realit\u00e4t machen.","og_url":"https:\/\/zoovu.com\/de\/kontakt-demo-old","og_site_name":"Zoovu","article_modified_time":"2024-12-10T21:18:37+00:00","twitter_card":"summary_large_image","schema":{"@context":"https:\/\/schema.org","@graph":[{"@type":"WebPage","@id":"https:\/\/zoovu.com\/de\/kontakt-demo-old","url":"https:\/\/zoovu.com\/de\/kontakt-demo-old","name":"Demo vereinbaren | Zoovu","isPartOf":{"@id":"https:\/\/zoovu.com\/de#website"},"datePublished":"2021-10-05T07:56:46+00:00","dateModified":"2024-12-10T21:18:37+00:00","description":"Erfahren Sie, wie Sie KI-getriebene Kaufberatung f\u00fcr Ihr Unternehmen und Ihre Kunden zur Realit\u00e4t machen.","breadcrumb":{"@id":"https:\/\/zoovu.com\/de\/kontakt-demo-old#breadcrumb"},"inLanguage":"de-DE","potentialAction":[{"@type":"ReadAction","target":["https:\/\/zoovu.com\/de\/kontakt-demo-old"]}]},{"@type":"BreadcrumbList","@id":"https:\/\/zoovu.com\/de\/kontakt-demo-old#breadcrumb","itemListElement":[{"@type":"ListItem","position":1,"name":"Home","item":"https:\/\/zoovu.com\/de"},{"@type":"ListItem","position":2,"name":"Demo vereinbaren"}]},{"@type":"WebSite","@id":"https:\/\/zoovu.com\/de#website","url":"https:\/\/zoovu.com\/de","name":"Zoovu","description":"Zoovu","potentialAction":[{"@type":"SearchAction","target":{"@type":"EntryPoint","urlTemplate":"https:\/\/zoovu.com\/de?s={search_term_string}"},"query-input":{"@type":"PropertyValueSpecification","valueRequired":true,"valueName":"search_term_string"}}],"inLanguage":"de-DE"}]}},"_links":{"self":[{"href":"https:\/\/zoovu.com\/de\/wp-json\/wp\/v2\/pages\/5255","targetHints":{"allow":["GET"]}}],"collection":[{"href":"https:\/\/zoovu.com\/de\/wp-json\/wp\/v2\/pages"}],"about":[{"href":"https:\/\/zoovu.com\/de\/wp-json\/wp\/v2\/types\/page"}],"author":[{"embeddable":true,"href":"https:\/\/zoovu.com\/de\/wp-json\/wp\/v2\/users\/1"}],"replies":[{"embeddable":true,"href":"https:\/\/zoovu.com\/de\/wp-json\/wp\/v2\/comments?post=5255"}],"version-history":[{"count":0,"href":"https:\/\/zoovu.com\/de\/wp-json\/wp\/v2\/pages\/5255\/revisions"}],"wp:attachment":[{"href":"https:\/\/zoovu.com\/de\/wp-json\/wp\/v2\/media?parent=5255"}],"curies":[{"name":"wp","href":"https:\/\/api.w.org\/{rel}","templated":true}]}}