{"id":5316,"date":"2021-10-05T11:11:08","date_gmt":"2021-10-05T11:11:08","guid":{"rendered":"https:\/\/zoovustg.wpenginepowered.com\/kontaktieren-sie-uns\/"},"modified":"2025-06-16T16:15:18","modified_gmt":"2025-06-16T15:15:18","slug":"kontakt-anfrage","status":"publish","type":"page","link":"https:\/\/zoovu.com\/de\/kontakt-anfrage","title":{"rendered":"Kontaktieren Sie uns"},"content":{"rendered":"\t\t<div data-elementor-type=\"wp-page\" data-elementor-id=\"5316\" class=\"elementor elementor-5316 elementor-105\">\n\t\t\t\t\t\t<section class=\"elementor-section elementor-top-section elementor-element elementor-element-6517e70 elementor-section-boxed elementor-section-height-default elementor-section-height-default exad-sticky-section-no\" data-id=\"6517e70\" data-element_type=\"section\">\n\t\t\t\t\t\t<div class=\"elementor-container elementor-column-gap-default\">\n\t\t\t\t\t<div class=\"elementor-column elementor-col-50 elementor-top-column elementor-element elementor-element-32f3d50 exad-sticky-section-no\" data-id=\"32f3d50\" data-element_type=\"column\">\n\t\t\t<div class=\"elementor-widget-wrap elementor-element-populated\">\n\t\t\t\t\t\t<div class=\"elementor-element elementor-element-381996e exad-sticky-section-no elementor-widget elementor-widget-image\" data-id=\"381996e\" data-element_type=\"widget\" data-widget_type=\"image.default\">\n\t\t\t\t<div class=\"elementor-widget-container\">\n\t\t\t\t\t\t\t\t\t\t\t\t\t\t<a href=\"https:\/\/goo.gl\/maps\/ZtwUjUoxdFksBfUV8\" target=\"_blank\">\n\t\t\t\t\t\t\t<img fetchpriority=\"high\" decoding=\"async\" width=\"1600\" height=\"900\" src=\"https:\/\/zoovu.com\/wp-content\/uploads\/2021\/10\/berlin-office_1.jpg\" class=\"attachment-full size-full wp-image-5318\" alt=\"\" srcset=\"https:\/\/zoovu.com\/wp-content\/uploads\/2021\/10\/berlin-office_1.jpg 1600w, https:\/\/zoovu.com\/wp-content\/uploads\/2021\/10\/berlin-office_1-300x169.jpg 300w, https:\/\/zoovu.com\/wp-content\/uploads\/2021\/10\/berlin-office_1-1024x576.jpg 1024w, https:\/\/zoovu.com\/wp-content\/uploads\/2021\/10\/berlin-office_1-768x432.jpg 768w, https:\/\/zoovu.com\/wp-content\/uploads\/2021\/10\/berlin-office_1-1536x864.jpg 1536w, https:\/\/zoovu.com\/wp-content\/uploads\/2021\/10\/berlin-office_1-1568x882.jpg 1568w\" sizes=\"(max-width: 1600px) 100vw, 1600px\" style=\"width:100%;height:56.25%;max-width:1600px\" \/>\t\t\t\t\t\t\t\t<\/a>\n\t\t\t\t\t\t\t\t\t\t\t\t\t<\/div>\n\t\t\t\t<\/div>\n\t\t\t\t<div class=\"elementor-element elementor-element-776c1ca exad-sticky-section-no elementor-widget elementor-widget-text-editor\" data-id=\"776c1ca\" data-element_type=\"widget\" data-widget_type=\"text-editor.default\">\n\t\t\t\t<div class=\"elementor-widget-container\">\n\t\t\t\t\t\t\t<h3>Zoovu Germany GmbH<\/h3>\nWebergasse 1, Haus B\/1\n<br>01067 Dresden\n<br>kontakt@zoovu.com\t\t\t\t\t\t<\/div>\n\t\t\t\t<\/div>\n\t\t\t\t<div class=\"elementor-element elementor-element-a6d35cb elementor-icon-list--layout-traditional elementor-list-item-link-full_width exad-sticky-section-no elementor-widget elementor-widget-icon-list\" data-id=\"a6d35cb\" data-element_type=\"widget\" data-widget_type=\"icon-list.default\">\n\t\t\t\t<div class=\"elementor-widget-container\">\n\t\t\t\t\t<ul class=\"elementor-icon-list-items\">\n\t\t\t\t\t\t\t<li class=\"elementor-icon-list-item\">\n\t\t\t\t\t\t\t\t\t\t\t<a href=\"https:\/\/maps.app.goo.gl\/H8w2chk6hTY6rXio8\" target=\"_blank\">\n\n\t\t\t\t\t\t\t\t\t\t\t\t<span class=\"elementor-icon-list-icon\">\n\t\t\t\t\t\t\t<i aria-hidden=\"true\" class=\"fas fa-map-marker-alt\"><\/i>\t\t\t\t\t\t<\/span>\n\t\t\t\t\t\t\t\t\t\t<span class=\"elementor-icon-list-text\">Karte anzeigen<\/span>\n\t\t\t\t\t\t\t\t\t\t\t<\/a>\n\t\t\t\t\t\t\t\t\t<\/li>\n\t\t\t\t\t\t<\/ul>\n\t\t\t\t<\/div>\n\t\t\t\t<\/div>\n\t\t\t\t<div class=\"elementor-element elementor-element-9107d3d exad-sticky-section-no elementor-widget elementor-widget-text-editor\" data-id=\"9107d3d\" data-element_type=\"widget\" data-widget_type=\"text-editor.default\">\n\t\t\t\t<div class=\"elementor-widget-container\">\n\t\t\t\t\t\t\t<p>\u00a0<a href=\"https:\/\/zoovu.com\/de\/impressum\">Impressum<\/a><\/p>\t\t\t\t\t\t<\/div>\n\t\t\t\t<\/div>\n\t\t\t\t<div class=\"elementor-element elementor-element-bee8f56 elementor-widget-divider--view-line exad-sticky-section-no elementor-widget elementor-widget-divider\" data-id=\"bee8f56\" data-element_type=\"widget\" data-widget_type=\"divider.default\">\n\t\t\t\t<div class=\"elementor-widget-container\">\n\t\t\t\t\t<div class=\"elementor-divider\">\n\t\t\t<span class=\"elementor-divider-separator\">\n\t\t\t\t\t\t<\/span>\n\t\t<\/div>\n\t\t\t\t<\/div>\n\t\t\t\t<\/div>\n\t\t\t\t<div class=\"elementor-element elementor-element-cc10ffe exad-sticky-section-no elementor-widget elementor-widget-text-editor\" data-id=\"cc10ffe\" data-element_type=\"widget\" data-widget_type=\"text-editor.default\">\n\t\t\t\t<div class=\"elementor-widget-container\">\n\t\t\t\t\t\t\t<h5>Pressemitteilungen:<\/h5><p><a href=\"https:\/\/zoovu.com\/de\/news\">Newsroom<\/a><\/p>\t\t\t\t\t\t<\/div>\n\t\t\t\t<\/div>\n\t\t\t\t\t<\/div>\n\t\t<\/div>\n\t\t\t\t<div class=\"elementor-column elementor-col-50 elementor-top-column elementor-element elementor-element-310efc3 exad-sticky-section-no\" data-id=\"310efc3\" data-element_type=\"column\">\n\t\t\t<div class=\"elementor-widget-wrap elementor-element-populated\">\n\t\t\t\t\t\t<div class=\"elementor-element elementor-element-227b171 exad-sticky-section-no elementor-widget elementor-widget-heading\" data-id=\"227b171\" data-element_type=\"widget\" data-widget_type=\"heading.default\">\n\t\t\t\t<div class=\"elementor-widget-container\">\n\t\t\t<h1 class=\"elementor-heading-title elementor-size-default\">Kontaktieren Sie uns<\/h1>\t\t<\/div>\n\t\t\t\t<\/div>\n\t\t\t\t<div class=\"elementor-element elementor-element-9620050 exad-sticky-section-no elementor-widget elementor-widget-text-editor\" data-id=\"9620050\" data-element_type=\"widget\" data-widget_type=\"text-editor.default\">\n\t\t\t\t<div class=\"elementor-widget-container\">\n\t\t\t\t\t\t\t<p>F\u00fcllen Sie einfach das Formular aus und lassen Sie uns wissen, wie wir Ihnen helfen k\u00f6nnen. Wir werden uns schnellstm\u00f6glich bei Ihnen melden.<\/p>\t\t\t\t\t\t<\/div>\n\t\t\t\t<\/div>\n\t\t\t\t<div class=\"elementor-element elementor-element-d368dae exad-sticky-section-no elementor-widget elementor-widget-wp-widget-hubspotforms_widget\" data-id=\"d368dae\" data-element_type=\"widget\" data-widget_type=\"wp-widget-hubspotforms_widget.default\">\n\t\t\t\t<div class=\"elementor-widget-container\">\n\t\t\t<div class=\"hubspot_form_wrraper \">\n\t\t<h3><\/h3><script charset=\"utf-8\" type=\"text\/javascript\" src=\"\/\/js.hsforms.net\/forms\/v2.js\"><\/script>\n\t\t\t\t<script>\n\t\t\t\t<!--\/\/--><![CDATA[\/\/ ><!--\n\t\t\t\thbspt.forms.create({\n\t\t\t\t\tregion: \"na1\",\n\t\t\t\t\tportalId: \"44562639\",\n\t\t\t\t\tformId: \"ee239a2c-f785-4795-ac46-06ce9da083f4\",\n\t\t\t\t\tcssClass:\"hubspotForm\"\n\t\t\t\t});\n\t\t\t\t\/\/--><!]]>\n\t\t\t\t<\/script><\/div>\t\t<\/div>\n\t\t\t\t<\/div>\n\t\t\t\t\t<\/div>\n\t\t<\/div>\n\t\t\t\t\t<\/div>\n\t\t<\/section>\n\t\t\t\t<section class=\"elementor-section elementor-top-section elementor-element elementor-element-0cdebfa elementor-section-boxed elementor-section-height-default elementor-section-height-default exad-sticky-section-no\" data-id=\"0cdebfa\" data-element_type=\"section\" id=\"global\" data-settings=\"{&quot;background_background&quot;:&quot;classic&quot;}\">\n\t\t\t\t\t\t<div class=\"elementor-container elementor-column-gap-default\">\n\t\t\t\t\t<div class=\"elementor-column elementor-col-100 elementor-top-column elementor-element elementor-element-f2178bf exad-sticky-section-no\" data-id=\"f2178bf\" data-element_type=\"column\">\n\t\t\t<div class=\"elementor-widget-wrap elementor-element-populated\">\n\t\t\t\t\t\t<section class=\"elementor-section elementor-inner-section elementor-element elementor-element-0553832 elementor-section-boxed elementor-section-height-default elementor-section-height-default exad-sticky-section-no\" data-id=\"0553832\" data-element_type=\"section\">\n\t\t\t\t\t\t<div class=\"elementor-container elementor-column-gap-default\">\n\t\t\t\t\t<div class=\"elementor-column elementor-col-100 elementor-inner-column elementor-element elementor-element-c11f4d4 exad-sticky-section-no\" data-id=\"c11f4d4\" data-element_type=\"column\">\n\t\t\t<div class=\"elementor-widget-wrap elementor-element-populated\">\n\t\t\t\t\t\t<div class=\"elementor-element elementor-element-93f8627 exad-sticky-section-no elementor-widget elementor-widget-heading\" data-id=\"93f8627\" data-element_type=\"widget\" data-widget_type=\"heading.default\">\n\t\t\t\t<div class=\"elementor-widget-container\">\n\t\t\t<h3 class=\"elementor-heading-title elementor-size-default\">Globale Standorte<\/h3>\t\t<\/div>\n\t\t\t\t<\/div>\n\t\t\t\t<div class=\"elementor-element elementor-element-71fb47d exad-sticky-section-no elementor-widget elementor-widget-heading\" data-id=\"71fb47d\" data-element_type=\"widget\" data-widget_type=\"heading.default\">\n\t\t\t\t<div class=\"elementor-widget-container\">\n\t\t\t<p class=\"elementor-heading-title elementor-size-default\"><span style=\"font-size:19px;line-height: 29px\">Regional und nah, fast \u00fcberall auf der Welt. Mit unserer Technologie und unseren kompetenten und hilfsbereiten KollegInnen unterst\u00fctzen wir Sie bei der Umsetzung einer nachhaltigen digitalen Conversational Search und Commerce Strategie.<\/span><\/p>\t\t<\/div>\n\t\t\t\t<\/div>\n\t\t\t\t\t<\/div>\n\t\t<\/div>\n\t\t\t\t\t<\/div>\n\t\t<\/section>\n\t\t\t\t<section class=\"elementor-section elementor-inner-section elementor-element elementor-element-c00bb5d elementor-section-boxed elementor-section-height-default elementor-section-height-default exad-sticky-section-no\" data-id=\"c00bb5d\" data-element_type=\"section\">\n\t\t\t\t\t\t<div class=\"elementor-container elementor-column-gap-default\">\n\t\t\t\t\t<div class=\"elementor-column elementor-col-50 elementor-inner-column elementor-element elementor-element-5d1518e exad-sticky-section-no\" data-id=\"5d1518e\" data-element_type=\"column\">\n\t\t\t<div class=\"elementor-widget-wrap elementor-element-populated\">\n\t\t\t\t\t\t<div class=\"elementor-element elementor-element-53ee699 exad-sticky-section-no elementor-widget elementor-widget-wp-widget-locationaddress_widget\" data-id=\"53ee699\" data-element_type=\"widget\" data-widget_type=\"wp-widget-locationaddress_widget.default\">\n\t\t\t\t<div class=\"elementor-widget-container\">\n\t\t\t<style>\n\t\t\t\t.location-51808424{\n\t\t\t\t\tbackground-color:#02203b  !important;\n\t\t\t\t}\n\t\t\t<\/style><style>\n\t\t\t\t.location-51808424 .address-btn{\n\t\t\t\t\tcolor:#db0000 !important;\n\t\t\t\t}\n\t\t\t<\/style><style>\n\t\t\t\t.location-51808424:hover .address-btn{\n\t\t\t\t\tcolor:#ffffff !important;\n\t\t\t\t}\n\t\t\t<\/style><style>\n\t\t\t\t.location-51808424 .img-head-box-address:before{\n\t\t\t\t\tborder:#ff3d57 !important;\n\t\t\t\t}\n\t\t\t<\/style><style>\n\t\t\t\t.img-head-box-address.location-51808424:before, .img-head-box-address.location-51808424:after{\n\t\t\t\t\tborder: 0px solid #ff3d57;\n\t\t\t\t}\n\t\t\t<\/style><a href=\"https:\/\/goo.gl\/maps\/xX6Nz3Fnoi7K7Dfd6\" target=\"_blank\"><div class=\"img-head-box-address location-51808424\"><div class=\"img-head-box-heading-address \"><h5 style='color:#ffffff;'>London<\/h5><\/div><div class=\"img-head-box-content-address \"><p style='color:#ffffff;'>27 Old Gloucester Street<br\/>\r\nWC1N 3AX London<br\/>\r\nVereinigtes K\u00f6nigreich<br \/>\r\n&nbsp;<\/p><\/div><div class=\"address-btn\">Karte anzeigen<\/div><\/div><\/a>\t\t<\/div>\n\t\t\t\t<\/div>\n\t\t\t\t\t<\/div>\n\t\t<\/div>\n\t\t\t\t<div class=\"elementor-column elementor-col-50 elementor-inner-column elementor-element elementor-element-2618585 exad-sticky-section-no\" data-id=\"2618585\" data-element_type=\"column\">\n\t\t\t<div class=\"elementor-widget-wrap elementor-element-populated\">\n\t\t\t\t\t\t<div class=\"elementor-element elementor-element-80ef2be exad-sticky-section-no elementor-widget elementor-widget-wp-widget-locationaddress_widget\" data-id=\"80ef2be\" data-element_type=\"widget\" data-widget_type=\"wp-widget-locationaddress_widget.default\">\n\t\t\t\t<div class=\"elementor-widget-container\">\n\t\t\t<style>\n\t\t\t\t.location-29543425{\n\t\t\t\t\tbackground-color:#02203b  !important;\n\t\t\t\t}\n\t\t\t<\/style><style>\n\t\t\t\t.location-29543425 .address-btn{\n\t\t\t\t\tcolor:#ee001e !important;\n\t\t\t\t}\n\t\t\t<\/style><style>\n\t\t\t\t.location-29543425:hover .address-btn{\n\t\t\t\t\tcolor:#ffffff !important;\n\t\t\t\t}\n\t\t\t<\/style><style>\n\t\t\t\t.location-29543425 .img-head-box-address:before{\n\t\t\t\t\tborder:#ee001e !important;\n\t\t\t\t}\n\t\t\t<\/style><style>\n\t\t\t\t.img-head-box-address.location-29543425:before, .img-head-box-address.location-29543425:after{\n\t\t\t\t\tborder: 0px solid #ee001e;\n\t\t\t\t}\n\t\t\t<\/style><a href=\"https:\/\/maps.app.goo.gl\/xhVVcspJXDBWQPgw8\" target=\"_blank\"><div class=\"img-head-box-address location-29543425\"><div class=\"img-head-box-heading-address \"><h5 style='color:#ffffff;'>Boston<\/h5><\/div><div class=\"img-head-box-content-address \"><p style='color:#ffffff;'>68 Harrison Ave<br>\r\nSte 605 PMB 254345<br>\r\nBoston MA 02111<br>\r\nUSA\r\n<br>+1 781 757 4046<\/p><\/div><div class=\"address-btn\">Karte anzeigen<\/div><\/div><\/a>\t\t<\/div>\n\t\t\t\t<\/div>\n\t\t\t\t\t<\/div>\n\t\t<\/div>\n\t\t\t\t\t<\/div>\n\t\t<\/section>\n\t\t\t\t<section class=\"elementor-section elementor-inner-section elementor-element elementor-element-a2de82f elementor-section-boxed elementor-section-height-default elementor-section-height-default exad-sticky-section-no\" data-id=\"a2de82f\" data-element_type=\"section\">\n\t\t\t\t\t\t<div class=\"elementor-container elementor-column-gap-default\">\n\t\t\t\t\t<div class=\"elementor-column elementor-col-50 elementor-inner-column elementor-element elementor-element-97f51a0 exad-sticky-section-no\" data-id=\"97f51a0\" data-element_type=\"column\">\n\t\t\t<div class=\"elementor-widget-wrap elementor-element-populated\">\n\t\t\t\t\t\t<div class=\"elementor-element elementor-element-ca318cc exad-sticky-section-no elementor-widget elementor-widget-wp-widget-locationaddress_widget\" data-id=\"ca318cc\" data-element_type=\"widget\" data-widget_type=\"wp-widget-locationaddress_widget.default\">\n\t\t\t\t<div class=\"elementor-widget-container\">\n\t\t\t<style>\n\t\t\t\t.location-52423588{\n\t\t\t\t\tbackground-color:#02203b  !important;\n\t\t\t\t}\n\t\t\t<\/style><style>\n\t\t\t\t.location-52423588 .address-btn{\n\t\t\t\t\tcolor:#ee001e !important;\n\t\t\t\t}\n\t\t\t<\/style><style>\n\t\t\t\t.location-52423588:hover .address-btn{\n\t\t\t\t\tcolor:#ffffff !important;\n\t\t\t\t}\n\t\t\t<\/style><style>\n\t\t\t\t.location-52423588 .img-head-box-address:before{\n\t\t\t\t\tborder:#ee001e !important;\n\t\t\t\t}\n\t\t\t<\/style><style>\n\t\t\t\t.img-head-box-address.location-52423588:before, .img-head-box-address.location-52423588:after{\n\t\t\t\t\tborder: 0px solid #ee001e;\n\t\t\t\t}\n\t\t\t<\/style><a href=\"https:\/\/goo.gl\/maps\/sxYBZMjFSD3JpQSL7\" target=\"_blank\"><div class=\"img-head-box-address location-52423588\"><div class=\"img-head-box-heading-address \"><h5 style='color:#ffffff;'>Wien<\/h5><\/div><div class=\"img-head-box-content-address \"><p style='color:#ffffff;'>Praterstrasse 1<br\/>\r\n1020 Wien<br\/>\r\n\u00d6sterreich<br \/>\r\n&nbsp;<\/p><\/div><div class=\"address-btn\">Karte anzeigen<\/div><\/div><\/a>\t\t<\/div>\n\t\t\t\t<\/div>\n\t\t\t\t\t<\/div>\n\t\t<\/div>\n\t\t\t\t<div class=\"elementor-column elementor-col-50 elementor-inner-column elementor-element elementor-element-939bf17 exad-sticky-section-no\" data-id=\"939bf17\" data-element_type=\"column\">\n\t\t\t<div class=\"elementor-widget-wrap elementor-element-populated\">\n\t\t\t\t\t\t<div class=\"elementor-element elementor-element-c32480a exad-sticky-section-no elementor-widget elementor-widget-wp-widget-locationaddress_widget\" data-id=\"c32480a\" data-element_type=\"widget\" data-widget_type=\"wp-widget-locationaddress_widget.default\">\n\t\t\t\t<div class=\"elementor-widget-container\">\n\t\t\t<style>\n\t\t\t\t.location-27649836{\n\t\t\t\t\tbackground-color:#02203b  !important;\n\t\t\t\t}\n\t\t\t<\/style><style>\n\t\t\t\t.location-27649836 .address-btn{\n\t\t\t\t\tcolor:#ee001e !important;\n\t\t\t\t}\n\t\t\t<\/style><style>\n\t\t\t\t.location-27649836:hover .address-btn{\n\t\t\t\t\tcolor:#ffffff !important;\n\t\t\t\t}\n\t\t\t<\/style><style>\n\t\t\t\t.location-27649836 .img-head-box-address:before{\n\t\t\t\t\tborder:#ee001e !important;\n\t\t\t\t}\n\t\t\t<\/style><style>\n\t\t\t\t.img-head-box-address.location-27649836:before, .img-head-box-address.location-27649836:after{\n\t\t\t\t\tborder: 0px solid #ee001e;\n\t\t\t\t}\n\t\t\t<\/style><a href=\"https:\/\/www.google.com\/maps\/place\/Rynek+39%2F40,+50-114+Wroc%C5%82aw,+Poland\/@51.1102491,17.0314637,17z\/data=!3m1!4b1!4m5!3m4!1s0x470fc275c220ced1:0x713aeb8fee03fdc7!8m2!3d51.1102458!4d17.0336524\" target=\"_blank\"><div class=\"img-head-box-address location-27649836\"><div class=\"img-head-box-heading-address \"><h5 style='color:#ffffff;'>Wroclaw<\/h5><\/div><div class=\"img-head-box-content-address \"><p style='color:#ffffff;'>Rynek 39\/40<br\/>\r\nWroclaw 50-102<br\/>\r\nPolen<br \/>\r\n&nbsp;<\/p><\/div><div class=\"address-btn\">Karte anzeigen<\/div><\/div><\/a>\t\t<\/div>\n\t\t\t\t<\/div>\n\t\t\t\t\t<\/div>\n\t\t<\/div>\n\t\t\t\t\t<\/div>\n\t\t<\/section>\n\t\t\t\t\t<\/div>\n\t\t<\/div>\n\t\t\t\t\t<\/div>\n\t\t<\/section>\n\t\t\t\t<\/div>\n\t\t","protected":false},"excerpt":{"rendered":"<p>Zoovu Germany GmbH Webergasse 1, Haus B\/1 01067 Dresden kontakt@zoovu.com Karte anzeigen \u00a0Impressum Pressemitteilungen: Newsroom Kontaktieren Sie uns F\u00fcllen Sie einfach das Formular aus und lassen Sie uns wissen, wie wir Ihnen helfen k\u00f6nnen. Wir werden uns schnellstm\u00f6glich bei Ihnen melden. Globale Standorte Regional und nah, fast \u00fcberall auf der Welt. Mit unserer Technologie und&hellip; <a class=\"more-link\" href=\"https:\/\/zoovu.com\/de\/kontakt-anfrage\">Continue reading <span class=\"screen-reader-text\">Kontaktieren Sie uns<\/span><\/a><\/p>\n","protected":false},"author":1,"featured_media":0,"parent":0,"menu_order":0,"comment_status":"closed","ping_status":"closed","template":"elementor_header_footer","meta":{"_acf_changed":false,"inline_featured_image":false,"footnotes":""},"class_list":["post-5316","page","type-page","status-publish","hentry","entry"],"acf":[],"yoast_head":"<!-- This site is optimized with the Yoast SEO plugin v24.0 - https:\/\/yoast.com\/wordpress\/plugins\/seo\/ -->\n<title>Kontaktieren Sie uns | Zoovu<\/title>\n<meta name=\"description\" content=\"Setzen Sie sich mit uns in Verbindung und lassen Sie uns wissen, wie wir Ihnen helfen k\u00f6nnen.\" \/>\n<meta name=\"robots\" content=\"index, follow, max-snippet:-1, max-image-preview:large, max-video-preview:-1\" \/>\n<link rel=\"canonical\" href=\"https:\/\/zoovu.com\/de\/kontakt-anfrage\" \/>\n<meta property=\"og:locale\" content=\"de_DE\" \/>\n<meta property=\"og:type\" content=\"article\" \/>\n<meta property=\"og:title\" content=\"Kontaktieren Sie uns | Zoovu\" \/>\n<meta property=\"og:description\" content=\"Setzen Sie sich mit uns in Verbindung und lassen Sie uns wissen, wie wir Ihnen helfen k\u00f6nnen.\" \/>\n<meta property=\"og:url\" content=\"https:\/\/zoovu.com\/de\/kontakt-anfrage\" \/>\n<meta property=\"og:site_name\" content=\"Zoovu\" \/>\n<meta property=\"article:modified_time\" content=\"2025-06-16T15:15:18+00:00\" \/>\n<meta property=\"og:image\" content=\"https:\/\/zoovu.com\/wp-content\/uploads\/2021\/10\/berlin-office_1.jpg\" \/>\n\t<meta property=\"og:image:width\" content=\"1600\" \/>\n\t<meta property=\"og:image:height\" content=\"900\" \/>\n\t<meta property=\"og:image:type\" content=\"image\/jpeg\" \/>\n<meta name=\"twitter:card\" content=\"summary_large_image\" \/>\n<script type=\"application\/ld+json\" class=\"yoast-schema-graph\">{\"@context\":\"https:\/\/schema.org\",\"@graph\":[{\"@type\":\"WebPage\",\"@id\":\"https:\/\/zoovu.com\/de\/kontakt-anfrage\",\"url\":\"https:\/\/zoovu.com\/de\/kontakt-anfrage\",\"name\":\"Kontaktieren Sie uns | Zoovu\",\"isPartOf\":{\"@id\":\"https:\/\/zoovu.com\/de#website\"},\"primaryImageOfPage\":{\"@id\":\"https:\/\/zoovu.com\/de\/kontakt-anfrage#primaryimage\"},\"image\":{\"@id\":\"https:\/\/zoovu.com\/de\/kontakt-anfrage#primaryimage\"},\"thumbnailUrl\":\"https:\/\/zoovu.com\/wp-content\/uploads\/2021\/10\/berlin-office_1.jpg\",\"datePublished\":\"2021-10-05T11:11:08+00:00\",\"dateModified\":\"2025-06-16T15:15:18+00:00\",\"description\":\"Setzen Sie sich mit uns in Verbindung und lassen Sie uns wissen, wie wir Ihnen helfen k\u00f6nnen.\",\"breadcrumb\":{\"@id\":\"https:\/\/zoovu.com\/de\/kontakt-anfrage#breadcrumb\"},\"inLanguage\":\"de-DE\",\"potentialAction\":[{\"@type\":\"ReadAction\",\"target\":[\"https:\/\/zoovu.com\/de\/kontakt-anfrage\"]}]},{\"@type\":\"ImageObject\",\"inLanguage\":\"de-DE\",\"@id\":\"https:\/\/zoovu.com\/de\/kontakt-anfrage#primaryimage\",\"url\":\"https:\/\/zoovu.com\/wp-content\/uploads\/2021\/10\/berlin-office_1.jpg\",\"contentUrl\":\"https:\/\/zoovu.com\/wp-content\/uploads\/2021\/10\/berlin-office_1.jpg\"},{\"@type\":\"BreadcrumbList\",\"@id\":\"https:\/\/zoovu.com\/de\/kontakt-anfrage#breadcrumb\",\"itemListElement\":[{\"@type\":\"ListItem\",\"position\":1,\"name\":\"Home\",\"item\":\"https:\/\/zoovu.com\/de\"},{\"@type\":\"ListItem\",\"position\":2,\"name\":\"Kontaktieren Sie uns\"}]},{\"@type\":\"WebSite\",\"@id\":\"https:\/\/zoovu.com\/de#website\",\"url\":\"https:\/\/zoovu.com\/de\",\"name\":\"Zoovu\",\"description\":\"Zoovu\",\"potentialAction\":[{\"@type\":\"SearchAction\",\"target\":{\"@type\":\"EntryPoint\",\"urlTemplate\":\"https:\/\/zoovu.com\/de?s={search_term_string}\"},\"query-input\":{\"@type\":\"PropertyValueSpecification\",\"valueRequired\":true,\"valueName\":\"search_term_string\"}}],\"inLanguage\":\"de-DE\"}]}<\/script>\n<!-- \/ Yoast SEO plugin. -->","yoast_head_json":{"title":"Kontaktieren Sie uns | Zoovu","description":"Setzen Sie sich mit uns in Verbindung und lassen Sie uns wissen, wie wir Ihnen helfen k\u00f6nnen.","robots":{"index":"index","follow":"follow","max-snippet":"max-snippet:-1","max-image-preview":"max-image-preview:large","max-video-preview":"max-video-preview:-1"},"canonical":"https:\/\/zoovu.com\/de\/kontakt-anfrage","og_locale":"de_DE","og_type":"article","og_title":"Kontaktieren Sie uns | Zoovu","og_description":"Setzen Sie sich mit uns in Verbindung und lassen Sie uns wissen, wie wir Ihnen helfen k\u00f6nnen.","og_url":"https:\/\/zoovu.com\/de\/kontakt-anfrage","og_site_name":"Zoovu","article_modified_time":"2025-06-16T15:15:18+00:00","og_image":[{"width":1600,"height":900,"url":"https:\/\/zoovu.com\/wp-content\/uploads\/2021\/10\/berlin-office_1.jpg","type":"image\/jpeg"}],"twitter_card":"summary_large_image","schema":{"@context":"https:\/\/schema.org","@graph":[{"@type":"WebPage","@id":"https:\/\/zoovu.com\/de\/kontakt-anfrage","url":"https:\/\/zoovu.com\/de\/kontakt-anfrage","name":"Kontaktieren Sie uns | Zoovu","isPartOf":{"@id":"https:\/\/zoovu.com\/de#website"},"primaryImageOfPage":{"@id":"https:\/\/zoovu.com\/de\/kontakt-anfrage#primaryimage"},"image":{"@id":"https:\/\/zoovu.com\/de\/kontakt-anfrage#primaryimage"},"thumbnailUrl":"https:\/\/zoovu.com\/wp-content\/uploads\/2021\/10\/berlin-office_1.jpg","datePublished":"2021-10-05T11:11:08+00:00","dateModified":"2025-06-16T15:15:18+00:00","description":"Setzen Sie sich mit uns in Verbindung und lassen Sie uns wissen, wie wir Ihnen helfen k\u00f6nnen.","breadcrumb":{"@id":"https:\/\/zoovu.com\/de\/kontakt-anfrage#breadcrumb"},"inLanguage":"de-DE","potentialAction":[{"@type":"ReadAction","target":["https:\/\/zoovu.com\/de\/kontakt-anfrage"]}]},{"@type":"ImageObject","inLanguage":"de-DE","@id":"https:\/\/zoovu.com\/de\/kontakt-anfrage#primaryimage","url":"https:\/\/zoovu.com\/wp-content\/uploads\/2021\/10\/berlin-office_1.jpg","contentUrl":"https:\/\/zoovu.com\/wp-content\/uploads\/2021\/10\/berlin-office_1.jpg"},{"@type":"BreadcrumbList","@id":"https:\/\/zoovu.com\/de\/kontakt-anfrage#breadcrumb","itemListElement":[{"@type":"ListItem","position":1,"name":"Home","item":"https:\/\/zoovu.com\/de"},{"@type":"ListItem","position":2,"name":"Kontaktieren Sie uns"}]},{"@type":"WebSite","@id":"https:\/\/zoovu.com\/de#website","url":"https:\/\/zoovu.com\/de","name":"Zoovu","description":"Zoovu","potentialAction":[{"@type":"SearchAction","target":{"@type":"EntryPoint","urlTemplate":"https:\/\/zoovu.com\/de?s={search_term_string}"},"query-input":{"@type":"PropertyValueSpecification","valueRequired":true,"valueName":"search_term_string"}}],"inLanguage":"de-DE"}]}},"_links":{"self":[{"href":"https:\/\/zoovu.com\/de\/wp-json\/wp\/v2\/pages\/5316","targetHints":{"allow":["GET"]}}],"collection":[{"href":"https:\/\/zoovu.com\/de\/wp-json\/wp\/v2\/pages"}],"about":[{"href":"https:\/\/zoovu.com\/de\/wp-json\/wp\/v2\/types\/page"}],"author":[{"embeddable":true,"href":"https:\/\/zoovu.com\/de\/wp-json\/wp\/v2\/users\/1"}],"replies":[{"embeddable":true,"href":"https:\/\/zoovu.com\/de\/wp-json\/wp\/v2\/comments?post=5316"}],"version-history":[{"count":0,"href":"https:\/\/zoovu.com\/de\/wp-json\/wp\/v2\/pages\/5316\/revisions"}],"wp:attachment":[{"href":"https:\/\/zoovu.com\/de\/wp-json\/wp\/v2\/media?parent=5316"}],"curies":[{"name":"wp","href":"https:\/\/api.w.org\/{rel}","templated":true}]}}