{"id":5376,"date":"2021-10-06T06:14:03","date_gmt":"2021-10-06T06:14:03","guid":{"rendered":"https:\/\/zoovustg.wpenginepowered.com\/?page_id=5376"},"modified":"2023-10-13T15:19:10","modified_gmt":"2023-10-13T14:19:10","slug":"agenturen","status":"publish","type":"page","link":"https:\/\/zoovu.com\/de\/agenturen","title":{"rendered":"Zoovu f\u00fcr Agenturen"},"content":{"rendered":"\t\t<div data-elementor-type=\"wp-page\" data-elementor-id=\"5376\" class=\"elementor elementor-5376\">\n\t\t\t\t\t\t<section class=\"elementor-section elementor-top-section elementor-element elementor-element-d6a1168 elementor-section-full_width elementor-section-height-default elementor-section-height-default exad-sticky-section-no\" data-id=\"d6a1168\" data-element_type=\"section\">\n\t\t\t\t\t\t<div class=\"elementor-container elementor-column-gap-no\">\n\t\t\t\t\t<div class=\"elementor-column elementor-col-100 elementor-top-column elementor-element elementor-element-658782b exad-sticky-section-no\" data-id=\"658782b\" data-element_type=\"column\">\n\t\t\t<div class=\"elementor-widget-wrap elementor-element-populated\">\n\t\t\t\t\t\t<div class=\"elementor-element elementor-element-bc01de2 exad-sticky-section-no elementor-widget elementor-widget-wp-widget-headingctawithtitlea_widget\" data-id=\"bc01de2\" data-element_type=\"widget\" data-widget_type=\"wp-widget-headingctawithtitlea_widget.default\">\n\t\t\t\t<div class=\"elementor-widget-container\">\n\t\t\t<style>#headingcta-431689 .headingcta-para{\n            \n                font-family: \"Saans-Regular\", sans-serif;\nfont-size: 18px;\nfont-weight: 400;\nline-height: 26px;\n            \n        }<\/style><style>#headingcta-431689 h1{\n            \n         margin-bottom: 20px\n            \n        }<\/style><div class=\"heading-cta-with-title cta-section cta-bg-color\" style='background-color:#001529;' id=\"headingcta-431689\"><div class=\"cta-wrapper\"><div class=\"row align-items-center\"><div class=\"col-md-12 text-center\"><div class=\"heading-cta-inner p-4\"><h1 style='color:#ffffff;'>Zoovu f\u00fcr Agenturen<\/h1><div class=\"headingcta-para\" style='color:#ffffff;'>Sie m\u00f6chten digitale Beratungsl\u00f6sungen f\u00fcr Ihre Kunden umsetzen?\r\nDann sind sie bei uns <br>richtig. Profitieren Sie von der f\u00fchrenden AI Conversational Search Technologie sowie<br> unserer langj\u00e4hrigen Erfahrung.<\/div><\/div><\/div><\/div><\/div><\/div>\t\t<\/div>\n\t\t\t\t<\/div>\n\t\t\t\t\t<\/div>\n\t\t<\/div>\n\t\t\t\t\t<\/div>\n\t\t<\/section>\n\t\t\t\t<section class=\"elementor-section elementor-top-section elementor-element elementor-element-9f97df9 elementor-section-full_width elementor-section-height-default elementor-section-height-default exad-sticky-section-no\" data-id=\"9f97df9\" data-element_type=\"section\">\n\t\t\t\t\t\t<div class=\"elementor-container elementor-column-gap-no\">\n\t\t\t\t\t<div class=\"elementor-column elementor-col-100 elementor-top-column elementor-element elementor-element-b219cc6 exad-sticky-section-no\" data-id=\"b219cc6\" data-element_type=\"column\">\n\t\t\t<div class=\"elementor-widget-wrap elementor-element-populated\">\n\t\t\t\t\t\t<div class=\"elementor-element elementor-element-1b2c2a6 exad-sticky-section-no elementor-widget elementor-widget-wp-widget-ctamoduleswithsetti_widget\" data-id=\"1b2c2a6\" data-element_type=\"widget\" data-widget_type=\"wp-widget-ctamoduleswithsetti_widget.default\">\n\t\t\t\t<div class=\"elementor-widget-container\">\n\t\t\t<style>#cta-336771 .cta-heading .ch-bottom-border{\n\t\t\t\t\n\t\t\t\tbackground-color: #001529;\n\t\t\t\t\n\t\t\t}<\/style><div class=\"global-cta cta-section cta-bg-color \" style='background-color: transparent;' id=\"cta-336771\"><div class=\"cta-wrapper\"><div class=\"row align-items-center\"><div class=\"col-md-6\"><div class=\"cta-content\"><span class=\"ch-txt\" style='color:#ee001e;'>Maximales Wachstum<\/span><h2 class=\"cta-heading\" style='color:#001529;'>Mehr Auftr\u00e4ge. Zufriedene Kunden.<span class=\"ch-bottom-border\"><\/span><\/h2><div class=\"cta-para\" style='color:#212326;'>Das Zoovu-Programm f\u00fcr Preferred Partner wendet sich an Agenturen, die ihr Gesch\u00e4ft ausbauen m\u00f6chten, indem sie innovative L\u00f6sung bereitstellen und ihren Unternehmenskunden bei der digitalen Transformation ihres Gesch\u00e4ftsmodells helfen.\r\n\r\nAls Preferred Partner erhalten Sie Zugang zu einzigartigen Services, die Ihnen helfen, herausragende Projekte umzusetzen und neue Kunden zu gewinnen. Das Ziel des Partnerprogramms ist jeden Partner individuell zu unterst\u00fctzen und auf diese Weise ein maximales Wachstum zu generieren. \r\n\r\nErweitern Sie Ihr Portfolio und erschlie\u00dfen Sie neue Einnahmequellen.<\/div><a onclick=\"\" href=\"#partner-programm\"target=\"_blank\" class=\"cta-link  \">Mehr erfahren<\/a><\/div><\/div><div class=\"col-md-6 \" ><div class=\"image-widget-bg-variation \"><div class=\"image-widget-bg-inner\"><img fetchpriority=\"high\" decoding=\"async\" srcset=\"https:\/\/zoovu.com\/wp-content\/uploads\/2021\/10\/agency-inshape-2.jpg 2x\" src=\"https:\/\/zoovu.com\/wp-content\/uploads\/2021\/10\/agency-inshape-2.jpg\" width=\"593\" height=\"573\"  alt=\"agency inshape \"  class=\"image-widget cta-img  zoovu-transparent-img zv-jpg\"><\/div><\/div><\/div><\/div><\/div><\/div>\t  \n\t  \t<style type=\"text\/css\">\n\t\t.bg-light-blue {\n\t\t\tborder-radius: 8px;\n\t\t\tpadding: 20px;\n\t\t\tcolor: #00143D;\n\t\t\tbackground-color: #F5F7FD;\n\t\t    font-family: \"Saans-Medium\", sans-serif;\n\t\t    margin-bottom: 33px;\n\t\t    margin-top: -5px;\n\t\t    font-size:16px;\n\t\t    line-height:18px;\n\t\t}\n\n\t\t.bg-light-blue.icon-social-proof {\n\t\t\tpadding-left: 60px;\n\t\t\tbackground-size: 28px;\n\t\t\tbackground-repeat: no-repeat;\n\t\t\tbackground-position: 16px center;\n\t\t\tbackground-image: url(\/wp-content\/uploads\/2024\/02\/icon-social-proof.webp); }\n\t\t}\n\n\t\t.elementor-widget-wp-widget-ctamoduleswithsetti_widget .cta-content .check-list-color.check-list-18 li {\n\t\t\tfont-size: 18px !important;\n\t\t\tline-height: 21px!important;\n\t\t}\n\n\t\t.elementor-widget-wp-widget-ctamoduleswithsetti_widget .check-list-color.check-list-18 li:before {\n    \t\ttop: 5px;\n\t\t}\n\n\t\t.bg-light-blue span {\n\t\t\tfont-family: \"Saans-Regular\", sans-serif;\n\t\t\tdisplay: block;\n\t\t\tmargin-top: 7px;\n\t\t}\n\n\t\t@supports (hanging-punctuation: first) and (-webkit-appearance: none) {\n\t\t\t.elementor-widget-wp-widget-ctamoduleswithsetti_widget .cta-link:before{bottom: 5px;}\n\t\t}\n\t  \t<\/style>\n\n\t\t\t<\/div>\n\t\t\t\t<\/div>\n\t\t\t\t\t<\/div>\n\t\t<\/div>\n\t\t\t\t\t<\/div>\n\t\t<\/section>\n\t\t\t\t<section class=\"elementor-section elementor-top-section elementor-element elementor-element-de08967 elementor-section-boxed elementor-section-height-default elementor-section-height-default exad-sticky-section-no\" data-id=\"de08967\" data-element_type=\"section\">\n\t\t\t\t\t\t<div class=\"elementor-container elementor-column-gap-default\">\n\t\t\t\t\t<div class=\"elementor-column elementor-col-100 elementor-top-column elementor-element elementor-element-dd88031 exad-sticky-section-no\" data-id=\"dd88031\" data-element_type=\"column\">\n\t\t\t<div class=\"elementor-widget-wrap elementor-element-populated\">\n\t\t\t\t\t\t<div class=\"elementor-element elementor-element-ec2389d exad-sticky-section-no elementor-widget elementor-widget-wp-widget-quotemodulewithimage_widget\" data-id=\"ec2389d\" data-element_type=\"widget\" data-widget_type=\"wp-widget-quotemodulewithimage_widget.default\">\n\t\t\t\t<div class=\"elementor-widget-container\">\n\t\t\t<style>#quote-with-image-505545 .right-block p{\n\t\t\t\tcolor: #000000 !important;\n\t\t\t}#quote-with-image-505545 h2{\n\t\t\t\tcolor: #000000 !important;\n\t\t\t}#quote-with-image-505545 .btn-1{\n\t\t\t\tbackground-color: #ffffff !important;\n\t\t\t}#quote-with-image-505545 .btn-1:hover{\n\t\t\t\tbackground-color: #ffffff !important;\n\t\t\t}#quote-with-image-505545 .btn-1{\n\t\t\t\tcolor: #000000 !important;\n\t\t\t}#quote-with-image-505545 .btn-1:hover{\n\t\t\t\tcolor: #ffffff !important;\n\t\t\t}#quote-with-image-505545{\n\t\t\t\tbackground-color: #ffffff !important;\n\t\t\t}<\/style>                                                    <div class=\"quote-with-image-style\"\n                                                        id=\"quote-with-image-505545\">\n\n                                                        <img decoding=\"async\" src=\"https:\/\/zoovu.com\/wp-content\/uploads\/2021\/10\/SQLI_DX_LOGO_black.png\" alt=\"SQLI DX LOGO black\" \/>\n                                                        <h2><br>Stefan Herold <br>CEO SQLI Deutschland GmbH<\/h2>\n\n                                                        <p>Wir arbeiten erfolgreich mit vielen international f\u00fchrenden Unternehmen zusammen und verzeichnen in allen Branchen eine wachsende Nachfrage nach innovativsten Frontend-L\u00f6sungen zur Conversion Optimierung. Die Umsetzung eines Guided Selling Konzeptes mit digitalen Assistenten bietet ein enormes Potential. Zoovu erm\u00f6glicht es uns schnell und effektiv innovative Konzepte bereitzustellen.<\/p>\n                                                        \n\n                                                    <\/div>\n\n                                                    \t\t<\/div>\n\t\t\t\t<\/div>\n\t\t\t\t\t<\/div>\n\t\t<\/div>\n\t\t\t\t\t<\/div>\n\t\t<\/section>\n\t\t\t\t<section class=\"elementor-section elementor-top-section elementor-element elementor-element-feb4600 elementor-section-full_width elementor-section-height-default elementor-section-height-default exad-sticky-section-no\" data-id=\"feb4600\" data-element_type=\"section\">\n\t\t\t\t\t\t<div class=\"elementor-container elementor-column-gap-no\">\n\t\t\t\t\t<div class=\"elementor-column elementor-col-100 elementor-top-column elementor-element elementor-element-b1e0d6a exad-sticky-section-no\" data-id=\"b1e0d6a\" data-element_type=\"column\">\n\t\t\t<div class=\"elementor-widget-wrap elementor-element-populated\">\n\t\t\t\t\t\t<div class=\"elementor-element elementor-element-d69e293 exad-sticky-section-no elementor-widget elementor-widget-wp-widget-ctamoduleswithsetti_widget\" data-id=\"d69e293\" data-element_type=\"widget\" data-widget_type=\"wp-widget-ctamoduleswithsetti_widget.default\">\n\t\t\t\t<div class=\"elementor-widget-container\">\n\t\t\t<style>#cta-479669 .cta-heading .ch-bottom-border{\n\t\t\t\t\n\t\t\t\tbackground-color: #001529;\n\t\t\t\t\n\t\t\t}<\/style><div class=\"global-cta cta-section cta-bg-color cta-image-left\" style='background-color: transparent;' id=\"cta-479669\"><div class=\"cta-wrapper\"><div class=\"row align-items-center\"><div class=\"col-md-6\"><div class=\"cta-content\"><span class=\"ch-txt\" style='color:#ee001e;'>Maximales Wachstum<\/span><h2 class=\"cta-heading\" style='color:#001529;'>Ihre Kunden haben komplexe Anforderungen?<span class=\"ch-bottom-border\"><\/span><\/h2><div class=\"cta-para\" style='color:#212326;'>Digitale Kauf- und Serviceberater k\u00f6nnen in der leistungsstarken Zoovu AI Conversational Search Plattform vollst\u00e4ndig konfiguriert und angepasst werden. Dank einer Reihe intelligenter Funktionen setzen Sie kreative Projekte f\u00fcr Kunden nachhaltig und um 90% schneller um.<br>\r\n\r\nAls Preferred Partner k\u00f6nnen sie Sie sich zudem \u00fcber verschiedene Vorteile freuen: Sichern Sie sich den fr\u00fchzeitigen Zugriff auf neue Produkte, nutzen Sie Co-Marketing-M\u00f6glichkeiten und erhalten Sie Unterst\u00fctzung bei Sales- und Service-Fragen.\r\n<br><br>\r\n<strong>Noch Fragen? <a href=\"#partner-programm\">Kontaktieren Sie uns<\/a><\/strong><\/div><\/div><\/div><div class=\"col-md-6 \" ><div class=\"image-widget-bg-variation \"><div class=\"image-widget-bg-inner\"><img decoding=\"async\" srcset=\"https:\/\/zoovu.com\/wp-content\/uploads\/2021\/10\/agency-platform_0.png 2x\" src=\"https:\/\/zoovu.com\/wp-content\/uploads\/2021\/10\/agency-platform_0.png\" width=\"593\" height=\"573\"  alt=\"agency platform \"  class=\"image-widget cta-img  zoovu-transparent-img zv-png\"><\/div><\/div><\/div><\/div><\/div><\/div>\t  \n\t  \t<style type=\"text\/css\">\n\t\t.bg-light-blue {\n\t\t\tborder-radius: 8px;\n\t\t\tpadding: 20px;\n\t\t\tcolor: #00143D;\n\t\t\tbackground-color: #F5F7FD;\n\t\t    font-family: \"Saans-Medium\", sans-serif;\n\t\t    margin-bottom: 33px;\n\t\t    margin-top: -5px;\n\t\t    font-size:16px;\n\t\t    line-height:18px;\n\t\t}\n\n\t\t.bg-light-blue.icon-social-proof {\n\t\t\tpadding-left: 60px;\n\t\t\tbackground-size: 28px;\n\t\t\tbackground-repeat: no-repeat;\n\t\t\tbackground-position: 16px center;\n\t\t\tbackground-image: url(\/wp-content\/uploads\/2024\/02\/icon-social-proof.webp); }\n\t\t}\n\n\t\t.elementor-widget-wp-widget-ctamoduleswithsetti_widget .cta-content .check-list-color.check-list-18 li {\n\t\t\tfont-size: 18px !important;\n\t\t\tline-height: 21px!important;\n\t\t}\n\n\t\t.elementor-widget-wp-widget-ctamoduleswithsetti_widget .check-list-color.check-list-18 li:before {\n    \t\ttop: 5px;\n\t\t}\n\n\t\t.bg-light-blue span {\n\t\t\tfont-family: \"Saans-Regular\", sans-serif;\n\t\t\tdisplay: block;\n\t\t\tmargin-top: 7px;\n\t\t}\n\n\t\t@supports (hanging-punctuation: first) and (-webkit-appearance: none) {\n\t\t\t.elementor-widget-wp-widget-ctamoduleswithsetti_widget .cta-link:before{bottom: 5px;}\n\t\t}\n\t  \t<\/style>\n\n\t\t\t<\/div>\n\t\t\t\t<\/div>\n\t\t\t\t\t<\/div>\n\t\t<\/div>\n\t\t\t\t\t<\/div>\n\t\t<\/section>\n\t\t\t\t<section class=\"elementor-section elementor-top-section elementor-element elementor-element-73bad41 elementor-section-boxed elementor-section-height-default elementor-section-height-default exad-sticky-section-no\" data-id=\"73bad41\" data-element_type=\"section\" data-settings=\"{&quot;background_background&quot;:&quot;classic&quot;}\">\n\t\t\t\t\t\t<div class=\"elementor-container elementor-column-gap-default\">\n\t\t\t\t\t<div class=\"elementor-column elementor-col-100 elementor-top-column elementor-element elementor-element-ac2702e exad-sticky-section-no\" data-id=\"ac2702e\" data-element_type=\"column\">\n\t\t\t<div class=\"elementor-widget-wrap elementor-element-populated\">\n\t\t\t\t\t\t<div class=\"elementor-element elementor-element-9ce3e88 exad-sticky-section-no elementor-widget elementor-widget-heading\" data-id=\"9ce3e88\" data-element_type=\"widget\" data-widget_type=\"heading.default\">\n\t\t\t\t<div class=\"elementor-widget-container\">\n\t\t\t<h2 class=\"elementor-heading-title elementor-size-default\">Vorteile f\u00fcr Zoovu Partner<\/h2>\t\t<\/div>\n\t\t\t\t<\/div>\n\t\t\t\t<section class=\"elementor-section elementor-inner-section elementor-element elementor-element-c689bde elementor-section-boxed elementor-section-height-default elementor-section-height-default exad-sticky-section-no\" data-id=\"c689bde\" data-element_type=\"section\">\n\t\t\t\t\t\t<div class=\"elementor-container elementor-column-gap-default\">\n\t\t\t\t\t<div class=\"elementor-column elementor-col-33 elementor-inner-column elementor-element elementor-element-446dca3 exad-sticky-section-no\" data-id=\"446dca3\" data-element_type=\"column\">\n\t\t\t<div class=\"elementor-widget-wrap elementor-element-populated\">\n\t\t\t\t\t\t<div class=\"elementor-element elementor-element-e8501ed exad-sticky-section-no elementor-widget elementor-widget-wp-widget-imageheadingtext_widget\" data-id=\"e8501ed\" data-element_type=\"widget\" data-widget_type=\"wp-widget-imageheadingtext_widget.default\">\n\t\t\t\t<div class=\"elementor-widget-container\">\n\t\t\t<div class=\"img-head-box\"><div onclick=\"\" class=\"img-head-box-heading text-center\"><h5 style='color:#212326;'>Kundenprojekte smarter umsetzen<\/h5><\/div><div class=\"img-head-box-content text-center\"><p style='color:#212326;'>Nutzen Sie Zoovu, um eigenst\u00e4ndig erstklassige digitale Beratungsl\u00f6sungen f\u00fcr Ihre Kunden umzusetzen und fortlaufend zu optimieren \u2015 schnell und kosteneffizient.<\/p><\/div><\/div>\t\t<\/div>\n\t\t\t\t<\/div>\n\t\t\t\t\t<\/div>\n\t\t<\/div>\n\t\t\t\t<div class=\"elementor-column elementor-col-33 elementor-inner-column elementor-element elementor-element-c1b05e8 exad-sticky-section-no\" data-id=\"c1b05e8\" data-element_type=\"column\">\n\t\t\t<div class=\"elementor-widget-wrap elementor-element-populated\">\n\t\t\t\t\t\t<div class=\"elementor-element elementor-element-030f01a exad-sticky-section-no elementor-widget elementor-widget-wp-widget-imageheadingtext_widget\" data-id=\"030f01a\" data-element_type=\"widget\" data-widget_type=\"wp-widget-imageheadingtext_widget.default\">\n\t\t\t\t<div class=\"elementor-widget-container\">\n\t\t\t<div class=\"img-head-box\"><div onclick=\"\" class=\"img-head-box-heading text-center\"><h5 style='color:#212326;'>Innovativ vordenken<\/h5><\/div><div class=\"img-head-box-content text-center\"><p style='color:#212326;'>Erhalten Sie Zugriff auf exklusive Ressourcen, Schulungen und Best Practices, um stets \u00fcber die neuesten Innovationen und Entwicklungen informiert zu sein.<\/p><\/div><\/div>\t\t<\/div>\n\t\t\t\t<\/div>\n\t\t\t\t\t<\/div>\n\t\t<\/div>\n\t\t\t\t<div class=\"elementor-column elementor-col-33 elementor-inner-column elementor-element elementor-element-d8f80f1 exad-sticky-section-no\" data-id=\"d8f80f1\" data-element_type=\"column\">\n\t\t\t<div class=\"elementor-widget-wrap elementor-element-populated\">\n\t\t\t\t\t\t<div class=\"elementor-element elementor-element-91911e3 exad-sticky-section-no elementor-widget elementor-widget-wp-widget-imageheadingtext_widget\" data-id=\"91911e3\" data-element_type=\"widget\" data-widget_type=\"wp-widget-imageheadingtext_widget.default\">\n\t\t\t\t<div class=\"elementor-widget-container\">\n\t\t\t<div class=\"img-head-box\"><div onclick=\"\" class=\"img-head-box-heading text-center\"><h5 style='color:#212326;'>Strategische Partnerschaft<\/h5><\/div><div class=\"img-head-box-content text-center\"><p style='color:#212326;'>Eine gegenseitige, erfolgreiche Partnerschaft steht f\u00fcr uns an oberster Stelle. Dazu z\u00e4hlen f\u00fcr uns gemeinsame Marketing-Aktiv\u00e4ten zur St\u00e4rkung des Gesch\u00e4fts.<\/p><\/div><\/div>\t\t<\/div>\n\t\t\t\t<\/div>\n\t\t\t\t\t<\/div>\n\t\t<\/div>\n\t\t\t\t\t<\/div>\n\t\t<\/section>\n\t\t\t\t\t<\/div>\n\t\t<\/div>\n\t\t\t\t\t<\/div>\n\t\t<\/section>\n\t\t\t\t<section class=\"elementor-section elementor-top-section elementor-element elementor-element-f9eb2a7 elementor-section-boxed elementor-section-height-default elementor-section-height-default exad-sticky-section-no\" data-id=\"f9eb2a7\" data-element_type=\"section\" id=\"partner-programm\">\n\t\t\t\t\t\t<div class=\"elementor-container elementor-column-gap-default\">\n\t\t\t\t\t<div class=\"elementor-column elementor-col-100 elementor-top-column elementor-element elementor-element-d77aa5e exad-sticky-section-no\" data-id=\"d77aa5e\" data-element_type=\"column\">\n\t\t\t<div class=\"elementor-widget-wrap elementor-element-populated\">\n\t\t\t\t\t\t<div class=\"elementor-element elementor-element-9629097 exad-sticky-section-no elementor-widget elementor-widget-heading\" data-id=\"9629097\" data-element_type=\"widget\" data-widget_type=\"heading.default\">\n\t\t\t\t<div class=\"elementor-widget-container\">\n\t\t\t<h2 class=\"elementor-heading-title elementor-size-default\">Sie m\u00f6chten mehr \u00fcber das\nZoovu Partner-Programm erfahren?<\/h2>\t\t<\/div>\n\t\t\t\t<\/div>\n\t\t\t\t<div class=\"elementor-element elementor-element-1c8cdab exad-sticky-section-no elementor-widget elementor-widget-heading\" data-id=\"1c8cdab\" data-element_type=\"widget\" data-widget_type=\"heading.default\">\n\t\t\t\t<div class=\"elementor-widget-container\">\n\t\t\t<p class=\"elementor-heading-title elementor-size-default\">F\u00fcllen Sie das Formular aus, um mit einem Partnerspezialisten zu sprechen<\/p>\t\t<\/div>\n\t\t\t\t<\/div>\n\t\t\t\t<div class=\"elementor-element elementor-element-1002ed3 exad-sticky-section-no elementor-widget elementor-widget-wp-widget-hubspotforms_widget\" data-id=\"1002ed3\" data-element_type=\"widget\" data-widget_type=\"wp-widget-hubspotforms_widget.default\">\n\t\t\t\t<div class=\"elementor-widget-container\">\n\t\t\t<div class=\"hubspot_form_wrraper \">\n\t\t<h3><\/h3><script charset=\"utf-8\" type=\"text\/javascript\" src=\"\/\/js.hsforms.net\/forms\/v2.js\"><\/script>\n\t\t\t\t<script>\n\t\t\t\t<!--\/\/--><![CDATA[\/\/ ><!--\n\t\t\t\thbspt.forms.create({\n\t\t\t\t\tregion: \"na1\",\n\t\t\t\t\tportalId: \"44562639\",\n\t\t\t\t\tformId: \"2714af99-eb10-434a-a2d2-a401afcadcb3\",\n\t\t\t\t\tcssClass:\"hubspotForm\"\n\t\t\t\t});\n\t\t\t\t\/\/--><!]]>\n\t\t\t\t<\/script><\/div>\t\t<\/div>\n\t\t\t\t<\/div>\n\t\t\t\t\t<\/div>\n\t\t<\/div>\n\t\t\t\t\t<\/div>\n\t\t<\/section>\n\t\t\t\t<\/div>\n\t\t","protected":false},"excerpt":{"rendered":"<p>Vorteile f\u00fcr Zoovu Partner Sie m\u00f6chten mehr \u00fcber das Zoovu Partner-Programm erfahren? F\u00fcllen Sie das Formular aus, um mit einem Partnerspezialisten zu sprechen<\/p>\n","protected":false},"author":1,"featured_media":0,"parent":0,"menu_order":0,"comment_status":"closed","ping_status":"closed","template":"elementor_header_footer","meta":{"_acf_changed":false,"inline_featured_image":false,"footnotes":""},"class_list":["post-5376","page","type-page","status-publish","hentry","entry"],"acf":[],"yoast_head":"<!-- This site is optimized with the Yoast SEO plugin v24.0 - https:\/\/yoast.com\/wordpress\/plugins\/seo\/ -->\n<title>Zoovu f\u00fcr Agenturen | Zoovu<\/title>\n<meta name=\"description\" content=\"Als Preferred Partner erhalten Sie Zugang zu einzigartigen Services, die Ihnen helfen, herausragende Beratungsl\u00f6sungen umzusetzen.\" \/>\n<meta name=\"robots\" content=\"index, follow, max-snippet:-1, max-image-preview:large, max-video-preview:-1\" \/>\n<link rel=\"canonical\" href=\"https:\/\/zoovu.com\/de\/agenturen\" \/>\n<meta property=\"og:locale\" content=\"de_DE\" \/>\n<meta property=\"og:type\" content=\"article\" \/>\n<meta property=\"og:title\" content=\"Zoovu f\u00fcr Agenturen | Zoovu\" \/>\n<meta property=\"og:description\" content=\"Als Preferred Partner erhalten Sie Zugang zu einzigartigen Services, die Ihnen helfen, herausragende Beratungsl\u00f6sungen umzusetzen.\" \/>\n<meta property=\"og:url\" content=\"https:\/\/zoovu.com\/de\/agenturen\" \/>\n<meta property=\"og:site_name\" content=\"Zoovu\" \/>\n<meta property=\"article:modified_time\" content=\"2023-10-13T14:19:10+00:00\" \/>\n<meta name=\"twitter:card\" content=\"summary_large_image\" \/>\n<script type=\"application\/ld+json\" class=\"yoast-schema-graph\">{\"@context\":\"https:\/\/schema.org\",\"@graph\":[{\"@type\":\"WebPage\",\"@id\":\"https:\/\/zoovu.com\/de\/agenturen\",\"url\":\"https:\/\/zoovu.com\/de\/agenturen\",\"name\":\"Zoovu f\u00fcr Agenturen | Zoovu\",\"isPartOf\":{\"@id\":\"https:\/\/zoovu.com\/de#website\"},\"datePublished\":\"2021-10-06T06:14:03+00:00\",\"dateModified\":\"2023-10-13T14:19:10+00:00\",\"description\":\"Als Preferred Partner erhalten Sie Zugang zu einzigartigen Services, die Ihnen helfen, herausragende Beratungsl\u00f6sungen umzusetzen.\",\"breadcrumb\":{\"@id\":\"https:\/\/zoovu.com\/de\/agenturen#breadcrumb\"},\"inLanguage\":\"de-DE\",\"potentialAction\":[{\"@type\":\"ReadAction\",\"target\":[\"https:\/\/zoovu.com\/de\/agenturen\"]}]},{\"@type\":\"BreadcrumbList\",\"@id\":\"https:\/\/zoovu.com\/de\/agenturen#breadcrumb\",\"itemListElement\":[{\"@type\":\"ListItem\",\"position\":1,\"name\":\"Home\",\"item\":\"https:\/\/zoovu.com\/de\"},{\"@type\":\"ListItem\",\"position\":2,\"name\":\"Zoovu f\u00fcr Agenturen\"}]},{\"@type\":\"WebSite\",\"@id\":\"https:\/\/zoovu.com\/de#website\",\"url\":\"https:\/\/zoovu.com\/de\",\"name\":\"Zoovu\",\"description\":\"Zoovu\",\"potentialAction\":[{\"@type\":\"SearchAction\",\"target\":{\"@type\":\"EntryPoint\",\"urlTemplate\":\"https:\/\/zoovu.com\/de?s={search_term_string}\"},\"query-input\":{\"@type\":\"PropertyValueSpecification\",\"valueRequired\":true,\"valueName\":\"search_term_string\"}}],\"inLanguage\":\"de-DE\"}]}<\/script>\n<!-- \/ Yoast SEO plugin. -->","yoast_head_json":{"title":"Zoovu f\u00fcr Agenturen | Zoovu","description":"Als Preferred Partner erhalten Sie Zugang zu einzigartigen Services, die Ihnen helfen, herausragende Beratungsl\u00f6sungen umzusetzen.","robots":{"index":"index","follow":"follow","max-snippet":"max-snippet:-1","max-image-preview":"max-image-preview:large","max-video-preview":"max-video-preview:-1"},"canonical":"https:\/\/zoovu.com\/de\/agenturen","og_locale":"de_DE","og_type":"article","og_title":"Zoovu f\u00fcr Agenturen | Zoovu","og_description":"Als Preferred Partner erhalten Sie Zugang zu einzigartigen Services, die Ihnen helfen, herausragende Beratungsl\u00f6sungen umzusetzen.","og_url":"https:\/\/zoovu.com\/de\/agenturen","og_site_name":"Zoovu","article_modified_time":"2023-10-13T14:19:10+00:00","twitter_card":"summary_large_image","schema":{"@context":"https:\/\/schema.org","@graph":[{"@type":"WebPage","@id":"https:\/\/zoovu.com\/de\/agenturen","url":"https:\/\/zoovu.com\/de\/agenturen","name":"Zoovu f\u00fcr Agenturen | Zoovu","isPartOf":{"@id":"https:\/\/zoovu.com\/de#website"},"datePublished":"2021-10-06T06:14:03+00:00","dateModified":"2023-10-13T14:19:10+00:00","description":"Als Preferred Partner erhalten Sie Zugang zu einzigartigen Services, die Ihnen helfen, herausragende Beratungsl\u00f6sungen umzusetzen.","breadcrumb":{"@id":"https:\/\/zoovu.com\/de\/agenturen#breadcrumb"},"inLanguage":"de-DE","potentialAction":[{"@type":"ReadAction","target":["https:\/\/zoovu.com\/de\/agenturen"]}]},{"@type":"BreadcrumbList","@id":"https:\/\/zoovu.com\/de\/agenturen#breadcrumb","itemListElement":[{"@type":"ListItem","position":1,"name":"Home","item":"https:\/\/zoovu.com\/de"},{"@type":"ListItem","position":2,"name":"Zoovu f\u00fcr Agenturen"}]},{"@type":"WebSite","@id":"https:\/\/zoovu.com\/de#website","url":"https:\/\/zoovu.com\/de","name":"Zoovu","description":"Zoovu","potentialAction":[{"@type":"SearchAction","target":{"@type":"EntryPoint","urlTemplate":"https:\/\/zoovu.com\/de?s={search_term_string}"},"query-input":{"@type":"PropertyValueSpecification","valueRequired":true,"valueName":"search_term_string"}}],"inLanguage":"de-DE"}]}},"_links":{"self":[{"href":"https:\/\/zoovu.com\/de\/wp-json\/wp\/v2\/pages\/5376","targetHints":{"allow":["GET"]}}],"collection":[{"href":"https:\/\/zoovu.com\/de\/wp-json\/wp\/v2\/pages"}],"about":[{"href":"https:\/\/zoovu.com\/de\/wp-json\/wp\/v2\/types\/page"}],"author":[{"embeddable":true,"href":"https:\/\/zoovu.com\/de\/wp-json\/wp\/v2\/users\/1"}],"replies":[{"embeddable":true,"href":"https:\/\/zoovu.com\/de\/wp-json\/wp\/v2\/comments?post=5376"}],"version-history":[{"count":0,"href":"https:\/\/zoovu.com\/de\/wp-json\/wp\/v2\/pages\/5376\/revisions"}],"wp:attachment":[{"href":"https:\/\/zoovu.com\/de\/wp-json\/wp\/v2\/media?parent=5376"}],"curies":[{"name":"wp","href":"https:\/\/api.w.org\/{rel}","templated":true}]}}