{"id":5674,"date":"2021-10-07T07:24:48","date_gmt":"2021-10-07T07:24:48","guid":{"rendered":"http:\/\/adao7.sg-host.com\/?page_id=5674"},"modified":"2025-03-05T14:53:28","modified_gmt":"2025-03-05T14:53:28","slug":"impressum","status":"publish","type":"page","link":"https:\/\/zoovu.com\/de\/impressum","title":{"rendered":"Impressum"},"content":{"rendered":"\t\t<div data-elementor-type=\"wp-page\" data-elementor-id=\"5674\" class=\"elementor elementor-5674\">\n\t\t\t\t\t\t<section class=\"elementor-section elementor-top-section elementor-element elementor-element-d5d77be elementor-section-full_width elementor-section-height-default elementor-section-height-default exad-sticky-section-no\" data-id=\"d5d77be\" data-element_type=\"section\">\n\t\t\t\t\t\t<div class=\"elementor-container elementor-column-gap-no\">\n\t\t\t\t\t<div class=\"elementor-column elementor-col-100 elementor-top-column elementor-element elementor-element-e7ea187 exad-sticky-section-no\" data-id=\"e7ea187\" data-element_type=\"column\">\n\t\t\t<div class=\"elementor-widget-wrap elementor-element-populated\">\n\t\t\t\t\t\t<div class=\"elementor-element elementor-element-4a652f8 exad-sticky-section-no elementor-widget elementor-widget-wp-widget-headingctawithsetti_widget\" data-id=\"4a652f8\" data-element_type=\"widget\" data-widget_type=\"wp-widget-headingctawithsetti_widget.default\">\n\t\t\t\t<div class=\"elementor-widget-container\">\n\t\t\t\n\n\t\t<style type=\"text\/css\">\n\t\t\t.elementor-widget-container .zv-cta-proof {\n\t\t\t\tlist-style-type: none;\n\t\t\t\tmargin: 0;\n\t\t\t\tpadding: 15px 0;\n\t\t\t\tdisplay: flex;\n\t\t\t\tflex-wrap: wrap;\n\t\t\t\tgap: 10px;\n\t\t\t}\n\n\t\t\t.elementor-widget-container .zv-cta-proof li {\n\t\t\t\tflex-basis: calc(33% - 5px);\n\t\t\t\tbackground-color: #F5F7FD;\n\t\t\t\tborder-radius: 8px;\n\t\t\t\tpadding: 14px 16px 14px 60px;\n\t\t\t\tfont-size: 14px;\n\t\t\t\tline-height: 16.3px;\n\t\t\t\tbackground-size: 28px;\n\t\t\t\tbackground-repeat: no-repeat;\n\t\t\t\tbackground-position: 16px center;\n\t\t\t\ttext-align: left;\n\t\t\t}\n\n\t\t\t.elementor-widget-container .zv-cta-proof.icon-social-proof li {\n\t\t\t\tbackground-image: url(\/wp-content\/uploads\/2024\/02\/icon-social-proof.webp);\n\t\t\t}\n\n\t\t\t.elementor-widget-container .zv-cta-proof li strong {\n\t\t\t\tfont-family: \"Saans-Medium\", sans-serif;\n\t\t\t}\n\n\t\t\t@media only screen and (max-width: 1024px) {\n\t\t\t\t.elementor-widget-container .zv-cta-proof li {\n\t\t\t\t\tflex-basis: 100%;\n\t\t\t\t}\n\t\t\t}\n\n\t\t\t@media only screen and (max-width: 767px) {\n\t\t\t\t.elementor-widget-container .zv-cta-proof li {\n\t\t\t\t\tflex-basis: calc(33% - 5px);\n\t\t\t\t}\n\t\t\t}\n\n\t\t\t@media only screen and (max-width: 640px) {\n\t\t\t\t.elementor-widget-container .zv-cta-proof li {\n\t\t\t\t\tflex-basis: 100%;\n\t\t\t\t}\n\t\t\t}\n\t\t<\/style>\n\n\n\t\t\t\t\t<style>\n\t\t\t\t#typingtext\n\t\t\t\t{\n\t\t\t\t\tdisplay:none;\n\t\t\t\t}\n\t\t\t#headcta-270688.cta-link {\n\t\t\t\tcolor:#ffffff !important;background-color:#ee001e !important;\t\t\t}\n\n\t\t\t#headcta-270688.cta-link:hover {\n\t\t\t\tcolor:#ffffff !important;background-color:#ee001e !important;\t\t\t}\n\n\t\t\t.elementor-widget-wp-widget-headingctawithsetti_widget .cta-heading .ch-title span {\n\t\t\t\tcolor: red;\n\t\t\t}\n\t\t\t<\/style>\n\n\t\t\t <style>#headcta-270688 .cta-heading .ch-bottom-border{\n\n\t\t\t\tbackground-color: #001529;\n\n\t\t\t}<\/style><div style=\"\" class=\"headcta cta-section cta-bg-color \" style='background-color:#001529;' id=\"headcta-270688\"><div class=\"cta-wrapper\"><div class=\"row align-items-center\"><div class=\"col-md-12\"><div class=\"cta-content w-100\"><span class=\"ch-txt\" style='color:#ee001e;'><\/span><h1 class=\"cta-heading\" style='color:#ffffff;'><span  class=\"ch-title\">Impressum.<\/span><span class=\"ch-bottom-border\"><\/span><\/h1><p class=\"cta-para cta-para-bottom\" style='color:#595959;'><\/p><\/div><\/div>\n\n\n<\/div><\/div><\/div>\n\n\t\t\t\t<\/div>\n\t\t\t\t<\/div>\n\t\t\t\t\t<\/div>\n\t\t<\/div>\n\t\t\t\t\t<\/div>\n\t\t<\/section>\n\t\t\t\t<section class=\"elementor-section elementor-top-section elementor-element elementor-element-e27163d elementor-section-boxed elementor-section-height-default elementor-section-height-default exad-sticky-section-no\" data-id=\"e27163d\" data-element_type=\"section\">\n\t\t\t\t\t\t<div class=\"elementor-container elementor-column-gap-default\">\n\t\t\t\t\t<div class=\"elementor-column elementor-col-100 elementor-top-column elementor-element elementor-element-a780e8f exad-sticky-section-no\" data-id=\"a780e8f\" data-element_type=\"column\">\n\t\t\t<div class=\"elementor-widget-wrap elementor-element-populated\">\n\t\t\t\t\t\t<div class=\"elementor-element elementor-element-261502c exad-sticky-section-no elementor-widget elementor-widget-text-editor\" data-id=\"261502c\" data-element_type=\"widget\" data-widget_type=\"text-editor.default\">\n\t\t\t\t<div class=\"elementor-widget-container\">\n\t\t\t\t\t\t\t<h5><strong>Zoovu (Germany) GmbH<\/strong><\/h5>\n<br>Zoovu (Germany) GmbH\n\n<br>Webergasse 1, Haus B\/1\n\n<br>01067 Dresden\n\n<br><strong>Gesch\u00e4ftsf\u00fchrer<\/strong>: Dr. David Urbansky, Shailen Amin\n\n<br><strong>E-Mail<\/strong>: kontakt@zoovu.com\n\n<br><strong>Registereintrag<\/strong>: Eintragung im Handelsregister.\n\n<br><strong>Registergericht<\/strong>: Amtsgericht Dresden\n<br>\n<strong>Registernummer<\/strong>: HRB 44730\n<br>\nUmsatzsteuer-Identifikationsnummer gem\u00e4\u00df \u00a727 a Umsatzsteuergesetz: DE294359832\t\t\t\t\t\t<\/div>\n\t\t\t\t<\/div>\n\t\t\t\t\t<\/div>\n\t\t<\/div>\n\t\t\t\t\t<\/div>\n\t\t<\/section>\n\t\t\t\t<\/div>\n\t\t","protected":false},"excerpt":{"rendered":"<p>Zoovu (Germany) GmbH Zoovu (Germany) GmbH Webergasse 1, Haus B\/1 01067 Dresden Gesch\u00e4ftsf\u00fchrer: Dr. David Urbansky, Shailen Amin E-Mail: kontakt@zoovu.com Registereintrag: Eintragung im Handelsregister. Registergericht: Amtsgericht Dresden Registernummer: HRB 44730 Umsatzsteuer-Identifikationsnummer gem\u00e4\u00df \u00a727 a Umsatzsteuergesetz: DE294359832<\/p>\n","protected":false},"author":1,"featured_media":0,"parent":0,"menu_order":0,"comment_status":"closed","ping_status":"closed","template":"elementor_header_footer","meta":{"_acf_changed":false,"inline_featured_image":false,"footnotes":""},"class_list":["post-5674","page","type-page","status-publish","hentry","entry"],"acf":[],"yoast_head":"<!-- This site is optimized with the Yoast SEO plugin v24.0 - https:\/\/yoast.com\/wordpress\/plugins\/seo\/ -->\n<title>Impressum | Kontakdaten und rechtliche Informationen | Zoovu<\/title>\n<meta name=\"description\" content=\"Suchen Sie Informationen \u00fcber die Zoovu GmbH in Deautschland? Unsere Impressum-Seite enth\u00e4lt alle Details, sie Sie ben\u00f6tigen.\" \/>\n<meta name=\"robots\" content=\"index, follow, max-snippet:-1, max-image-preview:large, max-video-preview:-1\" \/>\n<link rel=\"canonical\" href=\"https:\/\/zoovu.com\/de\/impressum\" \/>\n<meta property=\"og:locale\" content=\"de_DE\" \/>\n<meta property=\"og:type\" content=\"article\" \/>\n<meta property=\"og:title\" content=\"Impressum | Kontakdaten und rechtliche Informationen | Zoovu\" \/>\n<meta property=\"og:description\" content=\"Suchen Sie Informationen \u00fcber die Zoovu GmbH in Deautschland? Unsere Impressum-Seite enth\u00e4lt alle Details, sie Sie ben\u00f6tigen.\" \/>\n<meta property=\"og:url\" content=\"https:\/\/zoovu.com\/de\/impressum\" \/>\n<meta property=\"og:site_name\" content=\"Zoovu\" \/>\n<meta property=\"article:modified_time\" content=\"2025-03-05T14:53:28+00:00\" \/>\n<meta name=\"twitter:card\" content=\"summary_large_image\" \/>\n<script type=\"application\/ld+json\" class=\"yoast-schema-graph\">{\"@context\":\"https:\/\/schema.org\",\"@graph\":[{\"@type\":\"WebPage\",\"@id\":\"https:\/\/zoovu.com\/de\/impressum\",\"url\":\"https:\/\/zoovu.com\/de\/impressum\",\"name\":\"Impressum | Kontakdaten und rechtliche Informationen | Zoovu\",\"isPartOf\":{\"@id\":\"https:\/\/zoovu.com\/de#website\"},\"datePublished\":\"2021-10-07T07:24:48+00:00\",\"dateModified\":\"2025-03-05T14:53:28+00:00\",\"description\":\"Suchen Sie Informationen \u00fcber die Zoovu GmbH in Deautschland? Unsere Impressum-Seite enth\u00e4lt alle Details, sie Sie ben\u00f6tigen.\",\"breadcrumb\":{\"@id\":\"https:\/\/zoovu.com\/de\/impressum#breadcrumb\"},\"inLanguage\":\"de-DE\",\"potentialAction\":[{\"@type\":\"ReadAction\",\"target\":[\"https:\/\/zoovu.com\/de\/impressum\"]}]},{\"@type\":\"BreadcrumbList\",\"@id\":\"https:\/\/zoovu.com\/de\/impressum#breadcrumb\",\"itemListElement\":[{\"@type\":\"ListItem\",\"position\":1,\"name\":\"Home\",\"item\":\"https:\/\/zoovu.com\/de\"},{\"@type\":\"ListItem\",\"position\":2,\"name\":\"Impressum\"}]},{\"@type\":\"WebSite\",\"@id\":\"https:\/\/zoovu.com\/de#website\",\"url\":\"https:\/\/zoovu.com\/de\",\"name\":\"Zoovu\",\"description\":\"Zoovu\",\"potentialAction\":[{\"@type\":\"SearchAction\",\"target\":{\"@type\":\"EntryPoint\",\"urlTemplate\":\"https:\/\/zoovu.com\/de?s={search_term_string}\"},\"query-input\":{\"@type\":\"PropertyValueSpecification\",\"valueRequired\":true,\"valueName\":\"search_term_string\"}}],\"inLanguage\":\"de-DE\"}]}<\/script>\n<!-- \/ Yoast SEO plugin. -->","yoast_head_json":{"title":"Impressum | Kontakdaten und rechtliche Informationen | Zoovu","description":"Suchen Sie Informationen \u00fcber die Zoovu GmbH in Deautschland? Unsere Impressum-Seite enth\u00e4lt alle Details, sie Sie ben\u00f6tigen.","robots":{"index":"index","follow":"follow","max-snippet":"max-snippet:-1","max-image-preview":"max-image-preview:large","max-video-preview":"max-video-preview:-1"},"canonical":"https:\/\/zoovu.com\/de\/impressum","og_locale":"de_DE","og_type":"article","og_title":"Impressum | Kontakdaten und rechtliche Informationen | Zoovu","og_description":"Suchen Sie Informationen \u00fcber die Zoovu GmbH in Deautschland? Unsere Impressum-Seite enth\u00e4lt alle Details, sie Sie ben\u00f6tigen.","og_url":"https:\/\/zoovu.com\/de\/impressum","og_site_name":"Zoovu","article_modified_time":"2025-03-05T14:53:28+00:00","twitter_card":"summary_large_image","schema":{"@context":"https:\/\/schema.org","@graph":[{"@type":"WebPage","@id":"https:\/\/zoovu.com\/de\/impressum","url":"https:\/\/zoovu.com\/de\/impressum","name":"Impressum | Kontakdaten und rechtliche Informationen | Zoovu","isPartOf":{"@id":"https:\/\/zoovu.com\/de#website"},"datePublished":"2021-10-07T07:24:48+00:00","dateModified":"2025-03-05T14:53:28+00:00","description":"Suchen Sie Informationen \u00fcber die Zoovu GmbH in Deautschland? Unsere Impressum-Seite enth\u00e4lt alle Details, sie Sie ben\u00f6tigen.","breadcrumb":{"@id":"https:\/\/zoovu.com\/de\/impressum#breadcrumb"},"inLanguage":"de-DE","potentialAction":[{"@type":"ReadAction","target":["https:\/\/zoovu.com\/de\/impressum"]}]},{"@type":"BreadcrumbList","@id":"https:\/\/zoovu.com\/de\/impressum#breadcrumb","itemListElement":[{"@type":"ListItem","position":1,"name":"Home","item":"https:\/\/zoovu.com\/de"},{"@type":"ListItem","position":2,"name":"Impressum"}]},{"@type":"WebSite","@id":"https:\/\/zoovu.com\/de#website","url":"https:\/\/zoovu.com\/de","name":"Zoovu","description":"Zoovu","potentialAction":[{"@type":"SearchAction","target":{"@type":"EntryPoint","urlTemplate":"https:\/\/zoovu.com\/de?s={search_term_string}"},"query-input":{"@type":"PropertyValueSpecification","valueRequired":true,"valueName":"search_term_string"}}],"inLanguage":"de-DE"}]}},"_links":{"self":[{"href":"https:\/\/zoovu.com\/de\/wp-json\/wp\/v2\/pages\/5674","targetHints":{"allow":["GET"]}}],"collection":[{"href":"https:\/\/zoovu.com\/de\/wp-json\/wp\/v2\/pages"}],"about":[{"href":"https:\/\/zoovu.com\/de\/wp-json\/wp\/v2\/types\/page"}],"author":[{"embeddable":true,"href":"https:\/\/zoovu.com\/de\/wp-json\/wp\/v2\/users\/1"}],"replies":[{"embeddable":true,"href":"https:\/\/zoovu.com\/de\/wp-json\/wp\/v2\/comments?post=5674"}],"version-history":[{"count":0,"href":"https:\/\/zoovu.com\/de\/wp-json\/wp\/v2\/pages\/5674\/revisions"}],"wp:attachment":[{"href":"https:\/\/zoovu.com\/de\/wp-json\/wp\/v2\/media?parent=5674"}],"curies":[{"name":"wp","href":"https:\/\/api.w.org\/{rel}","templated":true}]}}